{"id":779,"date":"2020-12-02T11:20:54","date_gmt":"2020-12-02T10:20:54","guid":{"rendered":"https:\/\/suministrosdikoin.com\/producto\/cb37-terminal-board\/"},"modified":"2026-04-14T10:47:07","modified_gmt":"2026-04-14T09:47:07","slug":"terminal-board-cb37","status":"publish","type":"product","link":"https:\/\/suministrosdikoin.com\/en\/producto\/terminal-board-cb37\/","title":{"rendered":"CB37"},"content":{"rendered":"<p>Provides convenient screw terminals for the DB37 connector on the LabJack U6, UE9, and T7. Includes a screwdriver. Compatible with LJTick signal-conditioning modules.<\/p>\n<div><\/div>\n<div><\/div>\n","protected":false},"excerpt":{"rendered":"<p>Provides convenient screw terminals for the DB37 connector on the LabJack U6, UE9, and T7. Includes a screwdriver. Compatible with LJTick signal-conditioning modules.<\/p>\n","protected":false},"featured_media":671,"template":"","meta":[],"product_brand":[],"product_cat":[108],"product_tag":[132,42],"class_list":{"0":"post-779","1":"product","2":"type-product","3":"status-publish","4":"has-post-thumbnail","6":"product_cat-accessories","7":"product_tag-accessories","8":"product_tag-labjack-en","10":"first","11":"instock","12":"taxable","13":"shipping-taxable","14":"purchasable","15":"product-type-simple","16":"add-to-wishlist-after_add_to_cart"},"yoast_head":"<!-- This site is optimized with the Yoast SEO plugin v25.6 - https:\/\/yoast.com\/wordpress\/plugins\/seo\/ -->\n<title>CB37 - Suministros Dikoin<\/title>\n<meta name=\"description\" content=\"Shop a wide range of LabJack accessories for data acquisition devices at suministrosdikoin.com.\" \/>\n<meta name=\"robots\" content=\"index, follow, max-snippet:-1, max-image-preview:large, max-video-preview:-1\" \/>\n<link rel=\"canonical\" href=\"https:\/\/suministrosdikoin.com\/en\/producto\/terminal-board-cb37\/\" \/>\n<meta property=\"og:locale\" content=\"en_US\" \/>\n<meta property=\"og:type\" content=\"article\" \/>\n<meta property=\"og:title\" content=\"CB37 - Suministros Dikoin\" \/>\n<meta property=\"og:description\" content=\"Shop a wide range of LabJack accessories for data acquisition devices at suministrosdikoin.com.\" \/>\n<meta property=\"og:url\" content=\"https:\/\/suministrosdikoin.com\/en\/producto\/terminal-board-cb37\/\" \/>\n<meta property=\"og:site_name\" content=\"Suministros Dikoin\" \/>\n<meta property=\"article:publisher\" content=\"https:\/\/www.facebook.com\/DIKOIN\/\" \/>\n<meta property=\"article:modified_time\" content=\"2026-04-14T09:47:07+00:00\" \/>\n<meta property=\"og:image\" content=\"https:\/\/suministrosdikoin.com\/wp-content\/uploads\/2020\/12\/LabJack_CB37.jpg\" \/>\n\t<meta property=\"og:image:width\" content=\"600\" \/>\n\t<meta property=\"og:image:height\" content=\"439\" \/>\n\t<meta property=\"og:image:type\" content=\"image\/jpeg\" \/>\n<meta name=\"twitter:card\" content=\"summary_large_image\" \/>\n<meta name=\"twitter:site\" content=\"@dikoin\" \/>\n<meta name=\"twitter:label1\" content=\"Est. reading time\" \/>\n\t<meta name=\"twitter:data1\" content=\"1 minute\" \/>\n<script type=\"application\/ld+json\" class=\"yoast-schema-graph\">{\"@context\":\"https:\/\/schema.org\",\"@graph\":[{\"@type\":\"WebPage\",\"@id\":\"https:\/\/suministrosdikoin.com\/en\/producto\/terminal-board-cb37\/\",\"url\":\"https:\/\/suministrosdikoin.com\/en\/producto\/terminal-board-cb37\/\",\"name\":\"CB37 - Suministros Dikoin\",\"isPartOf\":{\"@id\":\"https:\/\/suministrosdikoin.com\/#website\"},\"primaryImageOfPage\":{\"@id\":\"https:\/\/suministrosdikoin.com\/en\/producto\/terminal-board-cb37\/#primaryimage\"},\"image\":{\"@id\":\"https:\/\/suministrosdikoin.com\/en\/producto\/terminal-board-cb37\/#primaryimage\"},\"thumbnailUrl\":\"https:\/\/suministrosdikoin.com\/wp-content\/uploads\/2020\/12\/LabJack_CB37.jpg\",\"datePublished\":\"2020-12-02T10:20:54+00:00\",\"dateModified\":\"2026-04-14T09:47:07+00:00\",\"description\":\"Shop a wide range of LabJack accessories for data acquisition devices at suministrosdikoin.com.\",\"breadcrumb\":{\"@id\":\"https:\/\/suministrosdikoin.com\/en\/producto\/terminal-board-cb37\/#breadcrumb\"},\"inLanguage\":\"en-US\",\"potentialAction\":[{\"@type\":\"ReadAction\",\"target\":[\"https:\/\/suministrosdikoin.com\/en\/producto\/terminal-board-cb37\/\"]}]},{\"@type\":\"ImageObject\",\"inLanguage\":\"en-US\",\"@id\":\"https:\/\/suministrosdikoin.com\/en\/producto\/terminal-board-cb37\/#primaryimage\",\"url\":\"https:\/\/suministrosdikoin.com\/wp-content\/uploads\/2020\/12\/LabJack_CB37.jpg\",\"contentUrl\":\"https:\/\/suministrosdikoin.com\/wp-content\/uploads\/2020\/12\/LabJack_CB37.jpg\",\"width\":600,\"height\":439,\"caption\":\"LabJack_CB37\"},{\"@type\":\"BreadcrumbList\",\"@id\":\"https:\/\/suministrosdikoin.com\/en\/producto\/terminal-board-cb37\/#breadcrumb\",\"itemListElement\":[{\"@type\":\"ListItem\",\"position\":1,\"name\":\"Portada\",\"item\":\"https:\/\/suministrosdikoin.com\/en\/\"},{\"@type\":\"ListItem\",\"position\":2,\"name\":\"Tienda\",\"item\":\"https:\/\/suministrosdikoin.com\/\"},{\"@type\":\"ListItem\",\"position\":3,\"name\":\"CB37\"}]},{\"@type\":\"WebSite\",\"@id\":\"https:\/\/suministrosdikoin.com\/#website\",\"url\":\"https:\/\/suministrosdikoin.com\/\",\"name\":\"Suministros Dikoin\",\"description\":\"Productos de adquisici\u00f3n de datos y electr\u00f3nica para el desarrollo de equipamiento, investigaci\u00f3n, IoT e industria 4.0\",\"publisher\":{\"@id\":\"https:\/\/suministrosdikoin.com\/#organization\"},\"potentialAction\":[{\"@type\":\"SearchAction\",\"target\":{\"@type\":\"EntryPoint\",\"urlTemplate\":\"https:\/\/suministrosdikoin.com\/?s={search_term_string}\"},\"query-input\":{\"@type\":\"PropertyValueSpecification\",\"valueRequired\":true,\"valueName\":\"search_term_string\"}}],\"inLanguage\":\"en-US\"},{\"@type\":\"Organization\",\"@id\":\"https:\/\/suministrosdikoin.com\/#organization\",\"name\":\"Suministros Dikoin\",\"url\":\"https:\/\/suministrosdikoin.com\/\",\"logo\":{\"@type\":\"ImageObject\",\"inLanguage\":\"en-US\",\"@id\":\"https:\/\/suministrosdikoin.com\/#\/schema\/logo\/image\/\",\"url\":\"https:\/\/suministrosdikoin.com\/wp-content\/uploads\/2021\/10\/2021_Logo-transparente-WEB.png\",\"contentUrl\":\"https:\/\/suministrosdikoin.com\/wp-content\/uploads\/2021\/10\/2021_Logo-transparente-WEB.png\",\"width\":300,\"height\":59,\"caption\":\"Suministros Dikoin\"},\"image\":{\"@id\":\"https:\/\/suministrosdikoin.com\/#\/schema\/logo\/image\/\"},\"sameAs\":[\"https:\/\/www.facebook.com\/DIKOIN\/\",\"https:\/\/x.com\/dikoin\",\"https:\/\/www.linkedin.com\/company\/dikoin\/\",\"https:\/\/www.youtube.com\/channel\/UCkWzlRjHCz1ngvK2Csxg0jw\"]}]}<\/script>\n<!-- \/ Yoast SEO plugin. -->","yoast_head_json":{"title":"CB37 - Suministros Dikoin","description":"Shop a wide range of LabJack accessories for data acquisition devices at suministrosdikoin.com.","robots":{"index":"index","follow":"follow","max-snippet":"max-snippet:-1","max-image-preview":"max-image-preview:large","max-video-preview":"max-video-preview:-1"},"canonical":"https:\/\/suministrosdikoin.com\/en\/producto\/terminal-board-cb37\/","og_locale":"en_US","og_type":"article","og_title":"CB37 - Suministros Dikoin","og_description":"Shop a wide range of LabJack accessories for data acquisition devices at suministrosdikoin.com.","og_url":"https:\/\/suministrosdikoin.com\/en\/producto\/terminal-board-cb37\/","og_site_name":"Suministros Dikoin","article_publisher":"https:\/\/www.facebook.com\/DIKOIN\/","article_modified_time":"2026-04-14T09:47:07+00:00","og_image":[{"width":600,"height":439,"url":"https:\/\/suministrosdikoin.com\/wp-content\/uploads\/2020\/12\/LabJack_CB37.jpg","type":"image\/jpeg"}],"twitter_card":"summary_large_image","twitter_site":"@dikoin","twitter_misc":{"Est. reading time":"1 minute"},"schema":{"@context":"https:\/\/schema.org","@graph":[{"@type":"WebPage","@id":"https:\/\/suministrosdikoin.com\/en\/producto\/terminal-board-cb37\/","url":"https:\/\/suministrosdikoin.com\/en\/producto\/terminal-board-cb37\/","name":"CB37 - Suministros Dikoin","isPartOf":{"@id":"https:\/\/suministrosdikoin.com\/#website"},"primaryImageOfPage":{"@id":"https:\/\/suministrosdikoin.com\/en\/producto\/terminal-board-cb37\/#primaryimage"},"image":{"@id":"https:\/\/suministrosdikoin.com\/en\/producto\/terminal-board-cb37\/#primaryimage"},"thumbnailUrl":"https:\/\/suministrosdikoin.com\/wp-content\/uploads\/2020\/12\/LabJack_CB37.jpg","datePublished":"2020-12-02T10:20:54+00:00","dateModified":"2026-04-14T09:47:07+00:00","description":"Shop a wide range of LabJack accessories for data acquisition devices at suministrosdikoin.com.","breadcrumb":{"@id":"https:\/\/suministrosdikoin.com\/en\/producto\/terminal-board-cb37\/#breadcrumb"},"inLanguage":"en-US","potentialAction":[{"@type":"ReadAction","target":["https:\/\/suministrosdikoin.com\/en\/producto\/terminal-board-cb37\/"]}]},{"@type":"ImageObject","inLanguage":"en-US","@id":"https:\/\/suministrosdikoin.com\/en\/producto\/terminal-board-cb37\/#primaryimage","url":"https:\/\/suministrosdikoin.com\/wp-content\/uploads\/2020\/12\/LabJack_CB37.jpg","contentUrl":"https:\/\/suministrosdikoin.com\/wp-content\/uploads\/2020\/12\/LabJack_CB37.jpg","width":600,"height":439,"caption":"LabJack_CB37"},{"@type":"BreadcrumbList","@id":"https:\/\/suministrosdikoin.com\/en\/producto\/terminal-board-cb37\/#breadcrumb","itemListElement":[{"@type":"ListItem","position":1,"name":"Portada","item":"https:\/\/suministrosdikoin.com\/en\/"},{"@type":"ListItem","position":2,"name":"Tienda","item":"https:\/\/suministrosdikoin.com\/"},{"@type":"ListItem","position":3,"name":"CB37"}]},{"@type":"WebSite","@id":"https:\/\/suministrosdikoin.com\/#website","url":"https:\/\/suministrosdikoin.com\/","name":"Suministros Dikoin","description":"Productos de adquisici\u00f3n de datos y electr\u00f3nica para el desarrollo de equipamiento, investigaci\u00f3n, IoT e industria 4.0","publisher":{"@id":"https:\/\/suministrosdikoin.com\/#organization"},"potentialAction":[{"@type":"SearchAction","target":{"@type":"EntryPoint","urlTemplate":"https:\/\/suministrosdikoin.com\/?s={search_term_string}"},"query-input":{"@type":"PropertyValueSpecification","valueRequired":true,"valueName":"search_term_string"}}],"inLanguage":"en-US"},{"@type":"Organization","@id":"https:\/\/suministrosdikoin.com\/#organization","name":"Suministros Dikoin","url":"https:\/\/suministrosdikoin.com\/","logo":{"@type":"ImageObject","inLanguage":"en-US","@id":"https:\/\/suministrosdikoin.com\/#\/schema\/logo\/image\/","url":"https:\/\/suministrosdikoin.com\/wp-content\/uploads\/2021\/10\/2021_Logo-transparente-WEB.png","contentUrl":"https:\/\/suministrosdikoin.com\/wp-content\/uploads\/2021\/10\/2021_Logo-transparente-WEB.png","width":300,"height":59,"caption":"Suministros Dikoin"},"image":{"@id":"https:\/\/suministrosdikoin.com\/#\/schema\/logo\/image\/"},"sameAs":["https:\/\/www.facebook.com\/DIKOIN\/","https:\/\/x.com\/dikoin","https:\/\/www.linkedin.com\/company\/dikoin\/","https:\/\/www.youtube.com\/channel\/UCkWzlRjHCz1ngvK2Csxg0jw"]}]}},"_links":{"self":[{"href":"https:\/\/suministrosdikoin.com\/en\/wp-json\/wp\/v2\/product\/779","targetHints":{"allow":["GET"]}}],"collection":[{"href":"https:\/\/suministrosdikoin.com\/en\/wp-json\/wp\/v2\/product"}],"about":[{"href":"https:\/\/suministrosdikoin.com\/en\/wp-json\/wp\/v2\/types\/product"}],"wp:featuredmedia":[{"embeddable":true,"href":"https:\/\/suministrosdikoin.com\/en\/wp-json\/wp\/v2\/media\/671"}],"wp:attachment":[{"href":"https:\/\/suministrosdikoin.com\/en\/wp-json\/wp\/v2\/media?parent=779"}],"wp:term":[{"taxonomy":"product_brand","embeddable":true,"href":"https:\/\/suministrosdikoin.com\/en\/wp-json\/wp\/v2\/product_brand?post=779"},{"taxonomy":"product_cat","embeddable":true,"href":"https:\/\/suministrosdikoin.com\/en\/wp-json\/wp\/v2\/product_cat?post=779"},{"taxonomy":"product_tag","embeddable":true,"href":"https:\/\/suministrosdikoin.com\/en\/wp-json\/wp\/v2\/product_tag?post=779"}],"curies":[{"name":"wp","href":"https:\/\/api.w.org\/{rel}","templated":true}]}}