{"id":618,"date":"2020-12-02T09:59:01","date_gmt":"2020-12-02T08:59:01","guid":{"rendered":"https:\/\/suministrosdikoin.com\/producto\/u12\/"},"modified":"2026-04-14T10:47:10","modified_gmt":"2026-04-14T09:47:10","slug":"u12","status":"publish","type":"product","link":"https:\/\/suministrosdikoin.com\/en\/producto\/u12\/","title":{"rendered":"U12"},"content":{"rendered":"<p>USB DAQ device with 8 analog inputs(12-bit), 2 analog outputs(10-bit), 20 digital I\/O, and a 32-bit counter.<\/p>\n<h2>USB Multifunction DAQ<\/h2>\n<p>The U12 is the original LabJack. The device is solid \u2013 the firmware hasn\u2019t changed in a decade, and it has a very long service record of reliability and customer satisfaction \u2013 all with an attractive price point. It can be used for measurement and control within simple analog and digital systems. We continue to produce and sell U12s because a large number of our customers have integrated them successfully into other products.<\/p>\n<p>New applications should consider the U3 family over the U12 because the U3 is faster, more flexible, and is compatible with our wide array of LJTick accessories.<\/p>\n<ul>\n<li>8 Single-Ended, 4 Differential 12-Bit Analog Inputs<\/li>\n<li>\u00b110 Volt Analog Input Range<\/li>\n<li>PGA with Gains of 1, 2, 4, 5, 8, 10, 16, or 20 V\/V<\/li>\n<li>Up to 8 ksamples\/Sec (Burst) or 1.2 ksamples\/Second (Stream)<\/li>\n<li>Supports Software or Hardware Timed Acquisition<\/li>\n<li>2 Analog Outputs<\/li>\n<li>20 Digital I\/O (Up to 50 Hz per I\/O)<\/li>\n<li>32-Bit Counter<\/li>\n<li>Watchdog Timer Function<\/li>\n<li>USB 2.0\/1.1 Low Speed Interface<\/li>\n<li>Connect Up to 80 LabJacks to One USB Host<\/li>\n<li>Complete Software Control, No Jumpers or Switches<\/li>\n<li>No Power Supply Needed<\/li>\n<li>Includes Sample Applications and Drivers<\/li>\n<li>Includes LabVIEW VIs<\/li>\n<li>Works with Windows 98SE, ME, 2000, XP, or Vista<\/li>\n<li>Includes Cable and Screwdriver<\/li>\n<li>Money Back Guarantee<\/li>\n<li>Approximately 4\u2033 x 6\u2033 x 1\u2033<\/li>\n<li>Rated for Industrial Temperature Range<\/li>\n<li>OEM Board-Only Versions Available<\/li>\n<\/ul>\n","protected":false},"excerpt":{"rendered":"<p>the original LabJack<\/p>\n","protected":false},"featured_media":604,"template":"","meta":[],"product_brand":[],"product_cat":[145],"product_tag":[136,42,138],"class_list":{"0":"post-618","1":"product","2":"type-product","3":"status-publish","4":"has-post-thumbnail","6":"product_cat-data_acquisition_modulesdata-acquisition-modules","7":"product_tag-device","8":"product_tag-labjack-en","9":"product_tag-measure-and-control","11":"first","12":"instock","13":"taxable","14":"shipping-taxable","15":"purchasable","16":"product-type-simple","17":"add-to-wishlist-after_add_to_cart"},"yoast_head":"<!-- This site is optimized with the Yoast SEO plugin v25.6 - https:\/\/yoast.com\/wordpress\/plugins\/seo\/ -->\n<title>U12 - Suministros Dikoin<\/title>\n<meta name=\"description\" content=\"Shop a wide range of LabJack data acquisition devices and their accessories at dikoinsuministros.com.\" \/>\n<meta name=\"robots\" content=\"index, follow, max-snippet:-1, max-image-preview:large, max-video-preview:-1\" \/>\n<link rel=\"canonical\" href=\"https:\/\/suministrosdikoin.com\/en\/producto\/u12\/\" \/>\n<meta property=\"og:locale\" content=\"en_US\" \/>\n<meta property=\"og:type\" content=\"article\" \/>\n<meta property=\"og:title\" content=\"U12 - Suministros Dikoin\" \/>\n<meta property=\"og:description\" content=\"Shop a wide range of LabJack data acquisition devices and their accessories at dikoinsuministros.com.\" \/>\n<meta property=\"og:url\" content=\"https:\/\/suministrosdikoin.com\/en\/producto\/u12\/\" \/>\n<meta property=\"og:site_name\" content=\"Suministros Dikoin\" \/>\n<meta property=\"article:publisher\" content=\"https:\/\/www.facebook.com\/DIKOIN\/\" \/>\n<meta property=\"article:modified_time\" content=\"2026-04-14T09:47:10+00:00\" \/>\n<meta property=\"og:image\" content=\"https:\/\/suministrosdikoin.com\/wp-content\/uploads\/2020\/12\/1-U12.jpg\" \/>\n\t<meta property=\"og:image:width\" content=\"900\" \/>\n\t<meta property=\"og:image:height\" content=\"675\" \/>\n\t<meta property=\"og:image:type\" content=\"image\/jpeg\" \/>\n<meta name=\"twitter:card\" content=\"summary_large_image\" \/>\n<meta name=\"twitter:site\" content=\"@dikoin\" \/>\n<meta name=\"twitter:label1\" content=\"Est. reading time\" \/>\n\t<meta name=\"twitter:data1\" content=\"2 minutes\" \/>\n<script type=\"application\/ld+json\" class=\"yoast-schema-graph\">{\"@context\":\"https:\/\/schema.org\",\"@graph\":[{\"@type\":\"WebPage\",\"@id\":\"https:\/\/suministrosdikoin.com\/en\/producto\/u12\/\",\"url\":\"https:\/\/suministrosdikoin.com\/en\/producto\/u12\/\",\"name\":\"U12 - Suministros Dikoin\",\"isPartOf\":{\"@id\":\"https:\/\/suministrosdikoin.com\/#website\"},\"primaryImageOfPage\":{\"@id\":\"https:\/\/suministrosdikoin.com\/en\/producto\/u12\/#primaryimage\"},\"image\":{\"@id\":\"https:\/\/suministrosdikoin.com\/en\/producto\/u12\/#primaryimage\"},\"thumbnailUrl\":\"https:\/\/suministrosdikoin.com\/wp-content\/uploads\/2020\/12\/1-U12.jpg\",\"datePublished\":\"2020-12-02T08:59:01+00:00\",\"dateModified\":\"2026-04-14T09:47:10+00:00\",\"description\":\"Shop a wide range of LabJack data acquisition devices and their accessories at dikoinsuministros.com.\",\"breadcrumb\":{\"@id\":\"https:\/\/suministrosdikoin.com\/en\/producto\/u12\/#breadcrumb\"},\"inLanguage\":\"en-US\",\"potentialAction\":[{\"@type\":\"ReadAction\",\"target\":[\"https:\/\/suministrosdikoin.com\/en\/producto\/u12\/\"]}]},{\"@type\":\"ImageObject\",\"inLanguage\":\"en-US\",\"@id\":\"https:\/\/suministrosdikoin.com\/en\/producto\/u12\/#primaryimage\",\"url\":\"https:\/\/suministrosdikoin.com\/wp-content\/uploads\/2020\/12\/1-U12.jpg\",\"contentUrl\":\"https:\/\/suministrosdikoin.com\/wp-content\/uploads\/2020\/12\/1-U12.jpg\",\"width\":900,\"height\":675,\"caption\":\"Labjack U12\"},{\"@type\":\"BreadcrumbList\",\"@id\":\"https:\/\/suministrosdikoin.com\/en\/producto\/u12\/#breadcrumb\",\"itemListElement\":[{\"@type\":\"ListItem\",\"position\":1,\"name\":\"Portada\",\"item\":\"https:\/\/suministrosdikoin.com\/en\/\"},{\"@type\":\"ListItem\",\"position\":2,\"name\":\"Tienda\",\"item\":\"https:\/\/suministrosdikoin.com\/\"},{\"@type\":\"ListItem\",\"position\":3,\"name\":\"U12\"}]},{\"@type\":\"WebSite\",\"@id\":\"https:\/\/suministrosdikoin.com\/#website\",\"url\":\"https:\/\/suministrosdikoin.com\/\",\"name\":\"Suministros Dikoin\",\"description\":\"Productos de adquisici\u00f3n de datos y electr\u00f3nica para el desarrollo de equipamiento, investigaci\u00f3n, IoT e industria 4.0\",\"publisher\":{\"@id\":\"https:\/\/suministrosdikoin.com\/#organization\"},\"potentialAction\":[{\"@type\":\"SearchAction\",\"target\":{\"@type\":\"EntryPoint\",\"urlTemplate\":\"https:\/\/suministrosdikoin.com\/?s={search_term_string}\"},\"query-input\":{\"@type\":\"PropertyValueSpecification\",\"valueRequired\":true,\"valueName\":\"search_term_string\"}}],\"inLanguage\":\"en-US\"},{\"@type\":\"Organization\",\"@id\":\"https:\/\/suministrosdikoin.com\/#organization\",\"name\":\"Suministros Dikoin\",\"url\":\"https:\/\/suministrosdikoin.com\/\",\"logo\":{\"@type\":\"ImageObject\",\"inLanguage\":\"en-US\",\"@id\":\"https:\/\/suministrosdikoin.com\/#\/schema\/logo\/image\/\",\"url\":\"https:\/\/suministrosdikoin.com\/wp-content\/uploads\/2021\/10\/2021_Logo-transparente-WEB.png\",\"contentUrl\":\"https:\/\/suministrosdikoin.com\/wp-content\/uploads\/2021\/10\/2021_Logo-transparente-WEB.png\",\"width\":300,\"height\":59,\"caption\":\"Suministros Dikoin\"},\"image\":{\"@id\":\"https:\/\/suministrosdikoin.com\/#\/schema\/logo\/image\/\"},\"sameAs\":[\"https:\/\/www.facebook.com\/DIKOIN\/\",\"https:\/\/x.com\/dikoin\",\"https:\/\/www.linkedin.com\/company\/dikoin\/\",\"https:\/\/www.youtube.com\/channel\/UCkWzlRjHCz1ngvK2Csxg0jw\"]}]}<\/script>\n<!-- \/ Yoast SEO plugin. -->","yoast_head_json":{"title":"U12 - Suministros Dikoin","description":"Shop a wide range of LabJack data acquisition devices and their accessories at dikoinsuministros.com.","robots":{"index":"index","follow":"follow","max-snippet":"max-snippet:-1","max-image-preview":"max-image-preview:large","max-video-preview":"max-video-preview:-1"},"canonical":"https:\/\/suministrosdikoin.com\/en\/producto\/u12\/","og_locale":"en_US","og_type":"article","og_title":"U12 - Suministros Dikoin","og_description":"Shop a wide range of LabJack data acquisition devices and their accessories at dikoinsuministros.com.","og_url":"https:\/\/suministrosdikoin.com\/en\/producto\/u12\/","og_site_name":"Suministros Dikoin","article_publisher":"https:\/\/www.facebook.com\/DIKOIN\/","article_modified_time":"2026-04-14T09:47:10+00:00","og_image":[{"width":900,"height":675,"url":"https:\/\/suministrosdikoin.com\/wp-content\/uploads\/2020\/12\/1-U12.jpg","type":"image\/jpeg"}],"twitter_card":"summary_large_image","twitter_site":"@dikoin","twitter_misc":{"Est. reading time":"2 minutes"},"schema":{"@context":"https:\/\/schema.org","@graph":[{"@type":"WebPage","@id":"https:\/\/suministrosdikoin.com\/en\/producto\/u12\/","url":"https:\/\/suministrosdikoin.com\/en\/producto\/u12\/","name":"U12 - Suministros Dikoin","isPartOf":{"@id":"https:\/\/suministrosdikoin.com\/#website"},"primaryImageOfPage":{"@id":"https:\/\/suministrosdikoin.com\/en\/producto\/u12\/#primaryimage"},"image":{"@id":"https:\/\/suministrosdikoin.com\/en\/producto\/u12\/#primaryimage"},"thumbnailUrl":"https:\/\/suministrosdikoin.com\/wp-content\/uploads\/2020\/12\/1-U12.jpg","datePublished":"2020-12-02T08:59:01+00:00","dateModified":"2026-04-14T09:47:10+00:00","description":"Shop a wide range of LabJack data acquisition devices and their accessories at dikoinsuministros.com.","breadcrumb":{"@id":"https:\/\/suministrosdikoin.com\/en\/producto\/u12\/#breadcrumb"},"inLanguage":"en-US","potentialAction":[{"@type":"ReadAction","target":["https:\/\/suministrosdikoin.com\/en\/producto\/u12\/"]}]},{"@type":"ImageObject","inLanguage":"en-US","@id":"https:\/\/suministrosdikoin.com\/en\/producto\/u12\/#primaryimage","url":"https:\/\/suministrosdikoin.com\/wp-content\/uploads\/2020\/12\/1-U12.jpg","contentUrl":"https:\/\/suministrosdikoin.com\/wp-content\/uploads\/2020\/12\/1-U12.jpg","width":900,"height":675,"caption":"Labjack U12"},{"@type":"BreadcrumbList","@id":"https:\/\/suministrosdikoin.com\/en\/producto\/u12\/#breadcrumb","itemListElement":[{"@type":"ListItem","position":1,"name":"Portada","item":"https:\/\/suministrosdikoin.com\/en\/"},{"@type":"ListItem","position":2,"name":"Tienda","item":"https:\/\/suministrosdikoin.com\/"},{"@type":"ListItem","position":3,"name":"U12"}]},{"@type":"WebSite","@id":"https:\/\/suministrosdikoin.com\/#website","url":"https:\/\/suministrosdikoin.com\/","name":"Suministros Dikoin","description":"Productos de adquisici\u00f3n de datos y electr\u00f3nica para el desarrollo de equipamiento, investigaci\u00f3n, IoT e industria 4.0","publisher":{"@id":"https:\/\/suministrosdikoin.com\/#organization"},"potentialAction":[{"@type":"SearchAction","target":{"@type":"EntryPoint","urlTemplate":"https:\/\/suministrosdikoin.com\/?s={search_term_string}"},"query-input":{"@type":"PropertyValueSpecification","valueRequired":true,"valueName":"search_term_string"}}],"inLanguage":"en-US"},{"@type":"Organization","@id":"https:\/\/suministrosdikoin.com\/#organization","name":"Suministros Dikoin","url":"https:\/\/suministrosdikoin.com\/","logo":{"@type":"ImageObject","inLanguage":"en-US","@id":"https:\/\/suministrosdikoin.com\/#\/schema\/logo\/image\/","url":"https:\/\/suministrosdikoin.com\/wp-content\/uploads\/2021\/10\/2021_Logo-transparente-WEB.png","contentUrl":"https:\/\/suministrosdikoin.com\/wp-content\/uploads\/2021\/10\/2021_Logo-transparente-WEB.png","width":300,"height":59,"caption":"Suministros Dikoin"},"image":{"@id":"https:\/\/suministrosdikoin.com\/#\/schema\/logo\/image\/"},"sameAs":["https:\/\/www.facebook.com\/DIKOIN\/","https:\/\/x.com\/dikoin","https:\/\/www.linkedin.com\/company\/dikoin\/","https:\/\/www.youtube.com\/channel\/UCkWzlRjHCz1ngvK2Csxg0jw"]}]}},"_links":{"self":[{"href":"https:\/\/suministrosdikoin.com\/en\/wp-json\/wp\/v2\/product\/618","targetHints":{"allow":["GET"]}}],"collection":[{"href":"https:\/\/suministrosdikoin.com\/en\/wp-json\/wp\/v2\/product"}],"about":[{"href":"https:\/\/suministrosdikoin.com\/en\/wp-json\/wp\/v2\/types\/product"}],"wp:featuredmedia":[{"embeddable":true,"href":"https:\/\/suministrosdikoin.com\/en\/wp-json\/wp\/v2\/media\/604"}],"wp:attachment":[{"href":"https:\/\/suministrosdikoin.com\/en\/wp-json\/wp\/v2\/media?parent=618"}],"wp:term":[{"taxonomy":"product_brand","embeddable":true,"href":"https:\/\/suministrosdikoin.com\/en\/wp-json\/wp\/v2\/product_brand?post=618"},{"taxonomy":"product_cat","embeddable":true,"href":"https:\/\/suministrosdikoin.com\/en\/wp-json\/wp\/v2\/product_cat?post=618"},{"taxonomy":"product_tag","embeddable":true,"href":"https:\/\/suministrosdikoin.com\/en\/wp-json\/wp\/v2\/product_tag?post=618"}],"curies":[{"name":"wp","href":"https:\/\/api.w.org\/{rel}","templated":true}]}}