{"id":582,"date":"2020-12-02T09:32:10","date_gmt":"2020-12-02T08:32:10","guid":{"rendered":"https:\/\/suministrosdikoin.com\/?post_type=product&#038;p=582"},"modified":"2026-04-14T10:47:10","modified_gmt":"2026-04-14T09:47:10","slug":"t7-pro","status":"publish","type":"product","link":"https:\/\/suministrosdikoin.com\/en\/producto\/t7-pro\/","title":{"rendered":"T7-PRO"},"content":{"rendered":"<p>All the features of the normal T7 with the major addition of WiFi connectivity and an auxiliary low-speed high-resolution (24-bit) sigma-delta ADC.<\/p>\n<h2>Multifunction DAQ with WiFi, Ethernet, and USB<\/h2>\n<p>Choose the T7 family for ultimate flexibility. With 16-bit to 24-bit analog inputs, the option to use USB, Ethernet, or WiFi, and numerous built-in firmware features, the T7 can help you accomplish nearly any data acquisition need.<\/p>\n<p>It\u2019s great for acquiring signals from virtually any kind of sensor, and can serve that sensor data out through any of its 3 communication interfaces. With instrumentation amplified inputs, software selectable gain settings, dozens of digital I\/O features, and a Modbus TCP front-end, the T7 is our most versatile multifunction DAQ platform. Common applications include laboratory research, industrial control and monitoring, automated testing, and prototype development. Additionally, T7 devices are capable of stand-alone operation by running Lua scripts.<\/p>\n<h3>Analog Input<\/h3>\n<ul>\n<li>14 Analog Inputs built in (16-24 Bits Depending on Speed &amp; Device Type)<\/li>\n<li>Low-Speed and High-Resolution (24-bit) sigma-delta ADC.<\/li>\n<li>Expand to 84 analog inputs with Mux80 add-on<\/li>\n<li>T7-Pro: 24-bit low-speed ADC (resolution as low as 1uV noise-free)<\/li>\n<li>Software Configurable Resolution Settings<\/li>\n<li>Single-Ended Inputs (14) or Differential Inputs (7)<\/li>\n<li>Analog input ranges: \u00b110V, \u00b11V, \u00b10.1V and \u00b10.01V<\/li>\n<li>All analog input features are software programmable by configuring the Analog Input Registers<\/li>\n<li>High speed sampling configurable by using Stream Mode. Speeds up to 100kS\/s<\/li>\n<li>Low Latency Sampling and Control (less than 1ms) is made easy with Command-Response Modbus messages<\/li>\n<li>Easy integration with sensors like thermocouples, load cells, bridges, and more \u2026<\/li>\n<\/ul>\n<h3>Analog Output<\/h3>\n<ul>\n<li>2 analog outputs (12-bit, 0-5V)<\/li>\n<li>Waveform generation via Stream Out<\/li>\n<li>Integrated LJTick-DAC support for multiple +\/-10V outputs<\/li>\n<\/ul>\n<h3>Digital I\/O<\/h3>\n<ul>\n<li>23 Digital I\/O<\/li>\n<li>Supports SPI, I2C, and more\u2026 (Master Only)<\/li>\n<li>5 PWM Outputs with individual phase control<\/li>\n<li>5 Pulse Outputs with configurable number, frequency, and width<\/li>\n<li>2 Frequency Inputs returning both frequency and period<\/li>\n<li>2 Pulse Width Inputs measuring time spent high and low as well as duty cycle<\/li>\n<li>2 Line-to-Line Inputs measuring the time between edges on 2 different lines<\/li>\n<li>4 High-Speed Counters<\/li>\n<li>6 Software Counters with debounce capabilities<\/li>\n<li>3 Pairs of Quadrature Inputs<\/li>\n<li>Many of these DIO Extended Features share pins and cannot be used at the same time. See the DIO Extended Features section of the T7\u2019s datasheet<\/li>\n<\/ul>\n<h3>Fixed Current Outputs<\/h3>\n<ul>\n<li>200 \u00b5A<\/li>\n<li>10 \u00b5A<\/li>\n<\/ul>\n<h3>Communication Options<\/h3>\n<ul>\n<li>USB<\/li>\n<li>Ethernet<\/li>\n<li>WiFi 802.11b \/ g<\/li>\n<\/ul>\n<h3>Other Highlights<\/h3>\n<ul>\n<li>Capable of stand-alone operation by running Lua Scripts<\/li>\n<li>Built-In CJC Temperature Sensor for easy thermocouple temperature readings<\/li>\n<li>Watchdog system<\/li>\n<li>Field Upgradable Firmware<\/li>\n<li>Programmable Startup Defaults<\/li>\n<li>Industrial temperature range (-40 to +85C)<\/li>\n<li>Battery Backed RTC for stand-alone data logging.<\/li>\n<li>Factory Installed microSD card for stand-alone data logging.<\/li>\n<\/ul>\n","protected":false},"excerpt":{"rendered":"<p>Multifunction DAQ with WiFi, Ethernet, and USB<\/p>\n","protected":false},"featured_media":585,"template":"","meta":[],"product_brand":[],"product_cat":[145],"product_tag":[134,136,42],"class_list":{"0":"post-582","1":"product","2":"type-product","3":"status-publish","4":"has-post-thumbnail","6":"product_cat-data_acquisition_modulesdata-acquisition-modules","7":"product_tag-data-adquisition","8":"product_tag-device","9":"product_tag-labjack-en","10":"product_shipping_class-general-en","12":"first","13":"instock","14":"taxable","15":"shipping-taxable","16":"purchasable","17":"product-type-simple","18":"add-to-wishlist-after_add_to_cart"},"yoast_head":"<!-- This site is optimized with the Yoast SEO plugin v25.6 - https:\/\/yoast.com\/wordpress\/plugins\/seo\/ -->\n<title>T7-PRO - Suministros Dikoin<\/title>\n<meta name=\"description\" content=\"Shop a wide range of LabJack data acquisition devices and their accessories at dikoinsuministros.com.\" \/>\n<meta name=\"robots\" content=\"index, follow, max-snippet:-1, max-image-preview:large, max-video-preview:-1\" \/>\n<link rel=\"canonical\" href=\"https:\/\/suministrosdikoin.com\/en\/producto\/t7-pro\/\" \/>\n<meta property=\"og:locale\" content=\"en_US\" \/>\n<meta property=\"og:type\" content=\"article\" \/>\n<meta property=\"og:title\" content=\"T7-PRO - Suministros Dikoin\" \/>\n<meta property=\"og:description\" content=\"Shop a wide range of LabJack data acquisition devices and their accessories at dikoinsuministros.com.\" \/>\n<meta property=\"og:url\" content=\"https:\/\/suministrosdikoin.com\/en\/producto\/t7-pro\/\" \/>\n<meta property=\"og:site_name\" content=\"Suministros Dikoin\" \/>\n<meta property=\"article:publisher\" content=\"https:\/\/www.facebook.com\/DIKOIN\/\" \/>\n<meta property=\"article:modified_time\" content=\"2026-04-14T09:47:10+00:00\" \/>\n<meta property=\"og:image\" content=\"https:\/\/suministrosdikoin.com\/wp-content\/uploads\/2020\/12\/T7_Pro_2.jpg\" \/>\n\t<meta property=\"og:image:width\" content=\"900\" \/>\n\t<meta property=\"og:image:height\" content=\"676\" \/>\n\t<meta property=\"og:image:type\" content=\"image\/jpeg\" \/>\n<meta name=\"twitter:card\" content=\"summary_large_image\" \/>\n<meta name=\"twitter:site\" content=\"@dikoin\" \/>\n<meta name=\"twitter:label1\" content=\"Est. reading time\" \/>\n\t<meta name=\"twitter:data1\" content=\"3 minutes\" \/>\n<script type=\"application\/ld+json\" class=\"yoast-schema-graph\">{\"@context\":\"https:\/\/schema.org\",\"@graph\":[{\"@type\":\"WebPage\",\"@id\":\"https:\/\/suministrosdikoin.com\/en\/producto\/t7-pro\/\",\"url\":\"https:\/\/suministrosdikoin.com\/en\/producto\/t7-pro\/\",\"name\":\"T7-PRO - Suministros Dikoin\",\"isPartOf\":{\"@id\":\"https:\/\/suministrosdikoin.com\/#website\"},\"primaryImageOfPage\":{\"@id\":\"https:\/\/suministrosdikoin.com\/en\/producto\/t7-pro\/#primaryimage\"},\"image\":{\"@id\":\"https:\/\/suministrosdikoin.com\/en\/producto\/t7-pro\/#primaryimage\"},\"thumbnailUrl\":\"https:\/\/suministrosdikoin.com\/wp-content\/uploads\/2020\/12\/T7_Pro_2.jpg\",\"datePublished\":\"2020-12-02T08:32:10+00:00\",\"dateModified\":\"2026-04-14T09:47:10+00:00\",\"description\":\"Shop a wide range of LabJack data acquisition devices and their accessories at dikoinsuministros.com.\",\"breadcrumb\":{\"@id\":\"https:\/\/suministrosdikoin.com\/en\/producto\/t7-pro\/#breadcrumb\"},\"inLanguage\":\"en-US\",\"potentialAction\":[{\"@type\":\"ReadAction\",\"target\":[\"https:\/\/suministrosdikoin.com\/en\/producto\/t7-pro\/\"]}]},{\"@type\":\"ImageObject\",\"inLanguage\":\"en-US\",\"@id\":\"https:\/\/suministrosdikoin.com\/en\/producto\/t7-pro\/#primaryimage\",\"url\":\"https:\/\/suministrosdikoin.com\/wp-content\/uploads\/2020\/12\/T7_Pro_2.jpg\",\"contentUrl\":\"https:\/\/suministrosdikoin.com\/wp-content\/uploads\/2020\/12\/T7_Pro_2.jpg\",\"width\":900,\"height\":676,\"caption\":\"Labjack T7-Pro\"},{\"@type\":\"BreadcrumbList\",\"@id\":\"https:\/\/suministrosdikoin.com\/en\/producto\/t7-pro\/#breadcrumb\",\"itemListElement\":[{\"@type\":\"ListItem\",\"position\":1,\"name\":\"Portada\",\"item\":\"https:\/\/suministrosdikoin.com\/en\/\"},{\"@type\":\"ListItem\",\"position\":2,\"name\":\"Tienda\",\"item\":\"https:\/\/suministrosdikoin.com\/\"},{\"@type\":\"ListItem\",\"position\":3,\"name\":\"T7-PRO\"}]},{\"@type\":\"WebSite\",\"@id\":\"https:\/\/suministrosdikoin.com\/#website\",\"url\":\"https:\/\/suministrosdikoin.com\/\",\"name\":\"Suministros Dikoin\",\"description\":\"Productos de adquisici\u00f3n de datos y electr\u00f3nica para el desarrollo de equipamiento, investigaci\u00f3n, IoT e industria 4.0\",\"publisher\":{\"@id\":\"https:\/\/suministrosdikoin.com\/#organization\"},\"potentialAction\":[{\"@type\":\"SearchAction\",\"target\":{\"@type\":\"EntryPoint\",\"urlTemplate\":\"https:\/\/suministrosdikoin.com\/?s={search_term_string}\"},\"query-input\":{\"@type\":\"PropertyValueSpecification\",\"valueRequired\":true,\"valueName\":\"search_term_string\"}}],\"inLanguage\":\"en-US\"},{\"@type\":\"Organization\",\"@id\":\"https:\/\/suministrosdikoin.com\/#organization\",\"name\":\"Suministros Dikoin\",\"url\":\"https:\/\/suministrosdikoin.com\/\",\"logo\":{\"@type\":\"ImageObject\",\"inLanguage\":\"en-US\",\"@id\":\"https:\/\/suministrosdikoin.com\/#\/schema\/logo\/image\/\",\"url\":\"https:\/\/suministrosdikoin.com\/wp-content\/uploads\/2021\/10\/2021_Logo-transparente-WEB.png\",\"contentUrl\":\"https:\/\/suministrosdikoin.com\/wp-content\/uploads\/2021\/10\/2021_Logo-transparente-WEB.png\",\"width\":300,\"height\":59,\"caption\":\"Suministros Dikoin\"},\"image\":{\"@id\":\"https:\/\/suministrosdikoin.com\/#\/schema\/logo\/image\/\"},\"sameAs\":[\"https:\/\/www.facebook.com\/DIKOIN\/\",\"https:\/\/x.com\/dikoin\",\"https:\/\/www.linkedin.com\/company\/dikoin\/\",\"https:\/\/www.youtube.com\/channel\/UCkWzlRjHCz1ngvK2Csxg0jw\"]}]}<\/script>\n<!-- \/ Yoast SEO plugin. -->","yoast_head_json":{"title":"T7-PRO - Suministros Dikoin","description":"Shop a wide range of LabJack data acquisition devices and their accessories at dikoinsuministros.com.","robots":{"index":"index","follow":"follow","max-snippet":"max-snippet:-1","max-image-preview":"max-image-preview:large","max-video-preview":"max-video-preview:-1"},"canonical":"https:\/\/suministrosdikoin.com\/en\/producto\/t7-pro\/","og_locale":"en_US","og_type":"article","og_title":"T7-PRO - Suministros Dikoin","og_description":"Shop a wide range of LabJack data acquisition devices and their accessories at dikoinsuministros.com.","og_url":"https:\/\/suministrosdikoin.com\/en\/producto\/t7-pro\/","og_site_name":"Suministros Dikoin","article_publisher":"https:\/\/www.facebook.com\/DIKOIN\/","article_modified_time":"2026-04-14T09:47:10+00:00","og_image":[{"width":900,"height":676,"url":"https:\/\/suministrosdikoin.com\/wp-content\/uploads\/2020\/12\/T7_Pro_2.jpg","type":"image\/jpeg"}],"twitter_card":"summary_large_image","twitter_site":"@dikoin","twitter_misc":{"Est. reading time":"3 minutes"},"schema":{"@context":"https:\/\/schema.org","@graph":[{"@type":"WebPage","@id":"https:\/\/suministrosdikoin.com\/en\/producto\/t7-pro\/","url":"https:\/\/suministrosdikoin.com\/en\/producto\/t7-pro\/","name":"T7-PRO - Suministros Dikoin","isPartOf":{"@id":"https:\/\/suministrosdikoin.com\/#website"},"primaryImageOfPage":{"@id":"https:\/\/suministrosdikoin.com\/en\/producto\/t7-pro\/#primaryimage"},"image":{"@id":"https:\/\/suministrosdikoin.com\/en\/producto\/t7-pro\/#primaryimage"},"thumbnailUrl":"https:\/\/suministrosdikoin.com\/wp-content\/uploads\/2020\/12\/T7_Pro_2.jpg","datePublished":"2020-12-02T08:32:10+00:00","dateModified":"2026-04-14T09:47:10+00:00","description":"Shop a wide range of LabJack data acquisition devices and their accessories at dikoinsuministros.com.","breadcrumb":{"@id":"https:\/\/suministrosdikoin.com\/en\/producto\/t7-pro\/#breadcrumb"},"inLanguage":"en-US","potentialAction":[{"@type":"ReadAction","target":["https:\/\/suministrosdikoin.com\/en\/producto\/t7-pro\/"]}]},{"@type":"ImageObject","inLanguage":"en-US","@id":"https:\/\/suministrosdikoin.com\/en\/producto\/t7-pro\/#primaryimage","url":"https:\/\/suministrosdikoin.com\/wp-content\/uploads\/2020\/12\/T7_Pro_2.jpg","contentUrl":"https:\/\/suministrosdikoin.com\/wp-content\/uploads\/2020\/12\/T7_Pro_2.jpg","width":900,"height":676,"caption":"Labjack T7-Pro"},{"@type":"BreadcrumbList","@id":"https:\/\/suministrosdikoin.com\/en\/producto\/t7-pro\/#breadcrumb","itemListElement":[{"@type":"ListItem","position":1,"name":"Portada","item":"https:\/\/suministrosdikoin.com\/en\/"},{"@type":"ListItem","position":2,"name":"Tienda","item":"https:\/\/suministrosdikoin.com\/"},{"@type":"ListItem","position":3,"name":"T7-PRO"}]},{"@type":"WebSite","@id":"https:\/\/suministrosdikoin.com\/#website","url":"https:\/\/suministrosdikoin.com\/","name":"Suministros Dikoin","description":"Productos de adquisici\u00f3n de datos y electr\u00f3nica para el desarrollo de equipamiento, investigaci\u00f3n, IoT e industria 4.0","publisher":{"@id":"https:\/\/suministrosdikoin.com\/#organization"},"potentialAction":[{"@type":"SearchAction","target":{"@type":"EntryPoint","urlTemplate":"https:\/\/suministrosdikoin.com\/?s={search_term_string}"},"query-input":{"@type":"PropertyValueSpecification","valueRequired":true,"valueName":"search_term_string"}}],"inLanguage":"en-US"},{"@type":"Organization","@id":"https:\/\/suministrosdikoin.com\/#organization","name":"Suministros Dikoin","url":"https:\/\/suministrosdikoin.com\/","logo":{"@type":"ImageObject","inLanguage":"en-US","@id":"https:\/\/suministrosdikoin.com\/#\/schema\/logo\/image\/","url":"https:\/\/suministrosdikoin.com\/wp-content\/uploads\/2021\/10\/2021_Logo-transparente-WEB.png","contentUrl":"https:\/\/suministrosdikoin.com\/wp-content\/uploads\/2021\/10\/2021_Logo-transparente-WEB.png","width":300,"height":59,"caption":"Suministros Dikoin"},"image":{"@id":"https:\/\/suministrosdikoin.com\/#\/schema\/logo\/image\/"},"sameAs":["https:\/\/www.facebook.com\/DIKOIN\/","https:\/\/x.com\/dikoin","https:\/\/www.linkedin.com\/company\/dikoin\/","https:\/\/www.youtube.com\/channel\/UCkWzlRjHCz1ngvK2Csxg0jw"]}]}},"_links":{"self":[{"href":"https:\/\/suministrosdikoin.com\/en\/wp-json\/wp\/v2\/product\/582","targetHints":{"allow":["GET"]}}],"collection":[{"href":"https:\/\/suministrosdikoin.com\/en\/wp-json\/wp\/v2\/product"}],"about":[{"href":"https:\/\/suministrosdikoin.com\/en\/wp-json\/wp\/v2\/types\/product"}],"wp:featuredmedia":[{"embeddable":true,"href":"https:\/\/suministrosdikoin.com\/en\/wp-json\/wp\/v2\/media\/585"}],"wp:attachment":[{"href":"https:\/\/suministrosdikoin.com\/en\/wp-json\/wp\/v2\/media?parent=582"}],"wp:term":[{"taxonomy":"product_brand","embeddable":true,"href":"https:\/\/suministrosdikoin.com\/en\/wp-json\/wp\/v2\/product_brand?post=582"},{"taxonomy":"product_cat","embeddable":true,"href":"https:\/\/suministrosdikoin.com\/en\/wp-json\/wp\/v2\/product_cat?post=582"},{"taxonomy":"product_tag","embeddable":true,"href":"https:\/\/suministrosdikoin.com\/en\/wp-json\/wp\/v2\/product_tag?post=582"}],"curies":[{"name":"wp","href":"https:\/\/api.w.org\/{rel}","templated":true}]}}