{"id":329,"date":"2020-11-26T11:16:43","date_gmt":"2020-11-26T10:39:03","guid":{"rendered":"https:\/\/suministrosdikoin.com\/?post_type=product&#038;p=329"},"modified":"2026-04-14T10:47:06","modified_gmt":"2026-04-14T09:47:06","slug":"u3-lv","status":"publish","type":"product","link":"https:\/\/suministrosdikoin.com\/en\/producto\/u3-lv\/","title":{"rendered":"U3-LV"},"content":{"rendered":"<p>Dispositivo USB DAQ com 16 E\/S flex\u00edveis e 4 E\/S digitais dedicadas. As E\/S flex\u00edveis podem ser configuradas como digitais ou anal\u00f3gicas, fornecendo assim at\u00e9 16 entradas anal\u00f3gicas ou at\u00e9 20 E\/S digitais. It also has two 10-bit analog outputs, up to 2 counters, and up to 2 timers.<\/p>\n<h2>USB Multifunction DAQ<\/h2>\n<p>The U3 family devices are versatile for measurement and control within simple analog and digital systems. With the option to configure I\/O as either analog or digital, you have flexibility when choosing sensors for your application. Common applications include hobbyist projects, educational programs, industrial control and monitoring, and prototype development.<\/p>\n<h4>Vers\u00e3o LV (baixa tens\u00e3o):<\/h4>\n<ul>\n<li>16 Flexible I\/O (Digital Input, Digital Output, or Analog Input)<\/li>\n<li>Up to 2 Timers (Pulse Timing, PWM Output, Quadrature Input, \u2026)<\/li>\n<li>Up to 2 Counters (32 Bits Each)<\/li>\n<li>4 Additional Digital I\/O<\/li>\n<li>Up to 16 12-bit Analog Inputs (0-2.4 V or 0-3.6 V, SE or Diff.)<\/li>\n<li>2 Analog Outputs (10-Bit, 0-5 volts)<\/li>\n<li>Supports SPI, I2C, and Asynchronous Serial Protocols (Master Only)<\/li>\n<li>Supports Software or Hardware Timed Acquisition<\/li>\n<li>Maximum Input Stream Rate of 2.5-50 kHz (Depending on Resolution)<\/li>\n<li>Capable of Command\/Response Times Less Than 1 Millisecond<\/li>\n<li>Built-In Screw Terminals for Some Signals<\/li>\n<li>OEM Version Available<\/li>\n<li>USB 2.0\/1.1 Full Speed Interface<\/li>\n<li>Powered by USB Cable<\/li>\n<li>Drivers Available for Windows, Linux, Mac and Pocket PC<\/li>\n<li>Examples Available for C\/C++, VB, LabVIEW, Java, and More<\/li>\n<li>Includes USB Cable and Screwdriver<\/li>\n<li>Free Firmware Upgrades<\/li>\n<li>Money Back Guarantee<\/li>\n<li>Enclosure Size Approximately 75mm x 115mm x 30mm<\/li>\n<li>Rated for Industrial Temperature Range (-40 to +85 Degrees C)<\/li>\n<\/ul>\n","protected":false},"excerpt":{"rendered":"<p>Nosso DAQ mais acess\u00edvel<\/p>\n","protected":false},"featured_media":427,"template":"","meta":[],"product_brand":[],"product_cat":[145],"product_tag":[134,136,42],"class_list":{"0":"post-329","1":"product","2":"type-product","3":"status-publish","4":"has-post-thumbnail","6":"product_cat-data_acquisition_modulesdata-acquisition-modules","7":"product_tag-data-adquisition","8":"product_tag-device","9":"product_tag-labjack-en","11":"first","12":"instock","13":"featured","14":"taxable","15":"shipping-taxable","16":"purchasable","17":"product-type-simple","18":"add-to-wishlist-after_add_to_cart"},"yoast_head":"<!-- This site is optimized with the Yoast SEO plugin v25.6 - https:\/\/yoast.com\/wordpress\/plugins\/seo\/ -->\n<title>U3-LV - Suministros Dikoin<\/title>\n<meta name=\"description\" content=\"Shop a wide range of LabJack data acquisition devices and their accessories at dikoinsuministros.com.\" \/>\n<meta name=\"robots\" content=\"index, follow, max-snippet:-1, max-image-preview:large, max-video-preview:-1\" \/>\n<link rel=\"canonical\" href=\"https:\/\/suministrosdikoin.com\/en\/producto\/u3-lv\/\" \/>\n<meta property=\"og:locale\" content=\"en_US\" \/>\n<meta property=\"og:type\" content=\"article\" \/>\n<meta property=\"og:title\" content=\"U3-LV - Suministros Dikoin\" \/>\n<meta property=\"og:description\" content=\"Shop a wide range of LabJack data acquisition devices and their accessories at dikoinsuministros.com.\" \/>\n<meta property=\"og:url\" content=\"https:\/\/suministrosdikoin.com\/en\/producto\/u3-lv\/\" \/>\n<meta property=\"og:site_name\" content=\"Suministros Dikoin\" \/>\n<meta property=\"article:publisher\" content=\"https:\/\/www.facebook.com\/DIKOIN\/\" \/>\n<meta property=\"article:modified_time\" content=\"2026-04-14T09:47:06+00:00\" \/>\n<meta property=\"og:image\" content=\"https:\/\/suministrosdikoin.com\/wp-content\/uploads\/2020\/11\/U3LV.jpg\" \/>\n\t<meta property=\"og:image:width\" content=\"900\" \/>\n\t<meta property=\"og:image:height\" content=\"675\" \/>\n\t<meta property=\"og:image:type\" content=\"image\/jpeg\" \/>\n<meta name=\"twitter:card\" content=\"summary_large_image\" \/>\n<meta name=\"twitter:site\" content=\"@dikoin\" \/>\n<meta name=\"twitter:label1\" content=\"Est. reading time\" \/>\n\t<meta name=\"twitter:data1\" content=\"2 minutes\" \/>\n<script type=\"application\/ld+json\" class=\"yoast-schema-graph\">{\"@context\":\"https:\/\/schema.org\",\"@graph\":[{\"@type\":\"WebPage\",\"@id\":\"https:\/\/suministrosdikoin.com\/en\/producto\/u3-lv\/\",\"url\":\"https:\/\/suministrosdikoin.com\/en\/producto\/u3-lv\/\",\"name\":\"U3-LV - Suministros Dikoin\",\"isPartOf\":{\"@id\":\"https:\/\/suministrosdikoin.com\/#website\"},\"primaryImageOfPage\":{\"@id\":\"https:\/\/suministrosdikoin.com\/en\/producto\/u3-lv\/#primaryimage\"},\"image\":{\"@id\":\"https:\/\/suministrosdikoin.com\/en\/producto\/u3-lv\/#primaryimage\"},\"thumbnailUrl\":\"https:\/\/suministrosdikoin.com\/wp-content\/uploads\/2020\/11\/U3LV.jpg\",\"datePublished\":\"2020-11-26T10:39:03+00:00\",\"dateModified\":\"2026-04-14T09:47:06+00:00\",\"description\":\"Shop a wide range of LabJack data acquisition devices and their accessories at dikoinsuministros.com.\",\"breadcrumb\":{\"@id\":\"https:\/\/suministrosdikoin.com\/en\/producto\/u3-lv\/#breadcrumb\"},\"inLanguage\":\"en-US\",\"potentialAction\":[{\"@type\":\"ReadAction\",\"target\":[\"https:\/\/suministrosdikoin.com\/en\/producto\/u3-lv\/\"]}]},{\"@type\":\"ImageObject\",\"inLanguage\":\"en-US\",\"@id\":\"https:\/\/suministrosdikoin.com\/en\/producto\/u3-lv\/#primaryimage\",\"url\":\"https:\/\/suministrosdikoin.com\/wp-content\/uploads\/2020\/11\/U3LV.jpg\",\"contentUrl\":\"https:\/\/suministrosdikoin.com\/wp-content\/uploads\/2020\/11\/U3LV.jpg\",\"width\":900,\"height\":675,\"caption\":\"Labjack U3-LV\"},{\"@type\":\"BreadcrumbList\",\"@id\":\"https:\/\/suministrosdikoin.com\/en\/producto\/u3-lv\/#breadcrumb\",\"itemListElement\":[{\"@type\":\"ListItem\",\"position\":1,\"name\":\"Portada\",\"item\":\"https:\/\/suministrosdikoin.com\/en\/\"},{\"@type\":\"ListItem\",\"position\":2,\"name\":\"Tienda\",\"item\":\"https:\/\/suministrosdikoin.com\/\"},{\"@type\":\"ListItem\",\"position\":3,\"name\":\"U3-LV\"}]},{\"@type\":\"WebSite\",\"@id\":\"https:\/\/suministrosdikoin.com\/#website\",\"url\":\"https:\/\/suministrosdikoin.com\/\",\"name\":\"Suministros Dikoin\",\"description\":\"Productos de adquisici\u00f3n de datos y electr\u00f3nica para el desarrollo de equipamiento, investigaci\u00f3n, IoT e industria 4.0\",\"publisher\":{\"@id\":\"https:\/\/suministrosdikoin.com\/#organization\"},\"potentialAction\":[{\"@type\":\"SearchAction\",\"target\":{\"@type\":\"EntryPoint\",\"urlTemplate\":\"https:\/\/suministrosdikoin.com\/?s={search_term_string}\"},\"query-input\":{\"@type\":\"PropertyValueSpecification\",\"valueRequired\":true,\"valueName\":\"search_term_string\"}}],\"inLanguage\":\"en-US\"},{\"@type\":\"Organization\",\"@id\":\"https:\/\/suministrosdikoin.com\/#organization\",\"name\":\"Suministros Dikoin\",\"url\":\"https:\/\/suministrosdikoin.com\/\",\"logo\":{\"@type\":\"ImageObject\",\"inLanguage\":\"en-US\",\"@id\":\"https:\/\/suministrosdikoin.com\/#\/schema\/logo\/image\/\",\"url\":\"https:\/\/suministrosdikoin.com\/wp-content\/uploads\/2021\/10\/2021_Logo-transparente-WEB.png\",\"contentUrl\":\"https:\/\/suministrosdikoin.com\/wp-content\/uploads\/2021\/10\/2021_Logo-transparente-WEB.png\",\"width\":300,\"height\":59,\"caption\":\"Suministros Dikoin\"},\"image\":{\"@id\":\"https:\/\/suministrosdikoin.com\/#\/schema\/logo\/image\/\"},\"sameAs\":[\"https:\/\/www.facebook.com\/DIKOIN\/\",\"https:\/\/x.com\/dikoin\",\"https:\/\/www.linkedin.com\/company\/dikoin\/\",\"https:\/\/www.youtube.com\/channel\/UCkWzlRjHCz1ngvK2Csxg0jw\"]}]}<\/script>\n<!-- \/ Yoast SEO plugin. -->","yoast_head_json":{"title":"U3-LV - Suministros Dikoin","description":"Shop a wide range of LabJack data acquisition devices and their accessories at dikoinsuministros.com.","robots":{"index":"index","follow":"follow","max-snippet":"max-snippet:-1","max-image-preview":"max-image-preview:large","max-video-preview":"max-video-preview:-1"},"canonical":"https:\/\/suministrosdikoin.com\/en\/producto\/u3-lv\/","og_locale":"en_US","og_type":"article","og_title":"U3-LV - Suministros Dikoin","og_description":"Shop a wide range of LabJack data acquisition devices and their accessories at dikoinsuministros.com.","og_url":"https:\/\/suministrosdikoin.com\/en\/producto\/u3-lv\/","og_site_name":"Suministros Dikoin","article_publisher":"https:\/\/www.facebook.com\/DIKOIN\/","article_modified_time":"2026-04-14T09:47:06+00:00","og_image":[{"width":900,"height":675,"url":"https:\/\/suministrosdikoin.com\/wp-content\/uploads\/2020\/11\/U3LV.jpg","type":"image\/jpeg"}],"twitter_card":"summary_large_image","twitter_site":"@dikoin","twitter_misc":{"Est. reading time":"2 minutes"},"schema":{"@context":"https:\/\/schema.org","@graph":[{"@type":"WebPage","@id":"https:\/\/suministrosdikoin.com\/en\/producto\/u3-lv\/","url":"https:\/\/suministrosdikoin.com\/en\/producto\/u3-lv\/","name":"U3-LV - Suministros Dikoin","isPartOf":{"@id":"https:\/\/suministrosdikoin.com\/#website"},"primaryImageOfPage":{"@id":"https:\/\/suministrosdikoin.com\/en\/producto\/u3-lv\/#primaryimage"},"image":{"@id":"https:\/\/suministrosdikoin.com\/en\/producto\/u3-lv\/#primaryimage"},"thumbnailUrl":"https:\/\/suministrosdikoin.com\/wp-content\/uploads\/2020\/11\/U3LV.jpg","datePublished":"2020-11-26T10:39:03+00:00","dateModified":"2026-04-14T09:47:06+00:00","description":"Shop a wide range of LabJack data acquisition devices and their accessories at dikoinsuministros.com.","breadcrumb":{"@id":"https:\/\/suministrosdikoin.com\/en\/producto\/u3-lv\/#breadcrumb"},"inLanguage":"en-US","potentialAction":[{"@type":"ReadAction","target":["https:\/\/suministrosdikoin.com\/en\/producto\/u3-lv\/"]}]},{"@type":"ImageObject","inLanguage":"en-US","@id":"https:\/\/suministrosdikoin.com\/en\/producto\/u3-lv\/#primaryimage","url":"https:\/\/suministrosdikoin.com\/wp-content\/uploads\/2020\/11\/U3LV.jpg","contentUrl":"https:\/\/suministrosdikoin.com\/wp-content\/uploads\/2020\/11\/U3LV.jpg","width":900,"height":675,"caption":"Labjack U3-LV"},{"@type":"BreadcrumbList","@id":"https:\/\/suministrosdikoin.com\/en\/producto\/u3-lv\/#breadcrumb","itemListElement":[{"@type":"ListItem","position":1,"name":"Portada","item":"https:\/\/suministrosdikoin.com\/en\/"},{"@type":"ListItem","position":2,"name":"Tienda","item":"https:\/\/suministrosdikoin.com\/"},{"@type":"ListItem","position":3,"name":"U3-LV"}]},{"@type":"WebSite","@id":"https:\/\/suministrosdikoin.com\/#website","url":"https:\/\/suministrosdikoin.com\/","name":"Suministros Dikoin","description":"Productos de adquisici\u00f3n de datos y electr\u00f3nica para el desarrollo de equipamiento, investigaci\u00f3n, IoT e industria 4.0","publisher":{"@id":"https:\/\/suministrosdikoin.com\/#organization"},"potentialAction":[{"@type":"SearchAction","target":{"@type":"EntryPoint","urlTemplate":"https:\/\/suministrosdikoin.com\/?s={search_term_string}"},"query-input":{"@type":"PropertyValueSpecification","valueRequired":true,"valueName":"search_term_string"}}],"inLanguage":"en-US"},{"@type":"Organization","@id":"https:\/\/suministrosdikoin.com\/#organization","name":"Suministros Dikoin","url":"https:\/\/suministrosdikoin.com\/","logo":{"@type":"ImageObject","inLanguage":"en-US","@id":"https:\/\/suministrosdikoin.com\/#\/schema\/logo\/image\/","url":"https:\/\/suministrosdikoin.com\/wp-content\/uploads\/2021\/10\/2021_Logo-transparente-WEB.png","contentUrl":"https:\/\/suministrosdikoin.com\/wp-content\/uploads\/2021\/10\/2021_Logo-transparente-WEB.png","width":300,"height":59,"caption":"Suministros Dikoin"},"image":{"@id":"https:\/\/suministrosdikoin.com\/#\/schema\/logo\/image\/"},"sameAs":["https:\/\/www.facebook.com\/DIKOIN\/","https:\/\/x.com\/dikoin","https:\/\/www.linkedin.com\/company\/dikoin\/","https:\/\/www.youtube.com\/channel\/UCkWzlRjHCz1ngvK2Csxg0jw"]}]}},"_links":{"self":[{"href":"https:\/\/suministrosdikoin.com\/en\/wp-json\/wp\/v2\/product\/329","targetHints":{"allow":["GET"]}}],"collection":[{"href":"https:\/\/suministrosdikoin.com\/en\/wp-json\/wp\/v2\/product"}],"about":[{"href":"https:\/\/suministrosdikoin.com\/en\/wp-json\/wp\/v2\/types\/product"}],"wp:featuredmedia":[{"embeddable":true,"href":"https:\/\/suministrosdikoin.com\/en\/wp-json\/wp\/v2\/media\/427"}],"wp:attachment":[{"href":"https:\/\/suministrosdikoin.com\/en\/wp-json\/wp\/v2\/media?parent=329"}],"wp:term":[{"taxonomy":"product_brand","embeddable":true,"href":"https:\/\/suministrosdikoin.com\/en\/wp-json\/wp\/v2\/product_brand?post=329"},{"taxonomy":"product_cat","embeddable":true,"href":"https:\/\/suministrosdikoin.com\/en\/wp-json\/wp\/v2\/product_cat?post=329"},{"taxonomy":"product_tag","embeddable":true,"href":"https:\/\/suministrosdikoin.com\/en\/wp-json\/wp\/v2\/product_tag?post=329"}],"curies":[{"name":"wp","href":"https:\/\/api.w.org\/{rel}","templated":true}]}}