{"id":2966,"date":"2025-01-06T17:27:07","date_gmt":"2025-01-06T16:27:07","guid":{"rendered":"https:\/\/suministrosdikoin.com\/?post_type=product&#038;p=2966"},"modified":"2025-01-06T17:27:07","modified_gmt":"2025-01-06T16:27:07","slug":"labjack-t8","status":"publish","type":"product","link":"https:\/\/suministrosdikoin.com\/en\/producto\/labjack-t8\/","title":{"rendered":"LabJack T8"},"content":{"rendered":"<h4>The LabJack T8 is the new flagship\u00a0<a title=\"LabJack T-Series Collection\" href=\"https:\/\/labjack.com\/collections\/t-series-devices\">T-Series<\/a>\u00a0device adding powerful features including:<\/h4>\n<ul>\n<li>8x isolated analog inputs (AIN) with simultaneous sampling.<\/li>\n<li>\u00b11 kV AIN isolation channel-to-channel and channel-to-ground.<\/li>\n<li>Top performance for thermocouples, load cells, bridge circuits, and more.<\/li>\n<li>8x 24-bit \u03a3\u0394 ADCs (up to 40k samples\/s\/ch).<\/li>\n<li>10+ AIN voltage ranges: \u00b111V, to \u00b10.075V.<\/li>\n<li>2 analog outputs (16-bit, 0-10V) with 20 mA drive.<\/li>\n<li>20 digital I\/O similar to the T7.<\/li>\n<li>Lua scripts are faster with 5x the code space than the T7.<\/li>\n<li>3.3V fixed voltage outputs for excitation.<\/li>\n<li>Supported by LJM. LabJack&#8217;s free, 3rd generation, cross-platform driver\/library\/API for simplifying device communication.<\/li>\n<li>Industrial temperature range (-40 to +85C).<\/li>\n<li>USB &amp; Ethernet.<\/li>\n<li>Built-in Power over Ethernet (PoE), or power through USB connection.<\/li>\n<\/ul>\n<h2 class=\"title\">Isolated, Simultaneous, High Speed Analog &amp; Digital Measurements<\/h2>\n<div class=\"description p2\">The LabJack T8 is our 2022 new flagship device, capable of collecting signals from virtually any kind of sensor. With instrumentation amplified inputs, software selectable gain settings, many digital I\/O features, and a Modbus TCP front-end, the T8 is our most versatile multifunction DAQ platform. Common applications include sampling large industrial signals requiring electrical isolation and\/or precision timing including EV battery testing, industrial control and monitoring, automated testing, and prototype development. Additionally, T8 devices are capable of stand-alone operation by running Lua scripts and include 5x more space for Lua scripts than other T-Series devices.<\/div>\n<div>\n<div>\n<h3 class=\"h4 accordion__title\">T8 Analog Input Features<\/h3>\n<\/div>\n<div tabindex=\"1\" data-content=\"\">\n<div class=\"accordion__content rte\">\n<ul>\n<li>8 Fully Isolated, differential Analog Inputs built in\n<ul>\n<li>1kV\u00a0channel-to-channel and channel-to-ground isolation<\/li>\n<\/ul>\n<\/li>\n<li>24-bit high-speed ADC (up to 40,000 samples per second per channel) (<a title=\"T-Series Datasheet Appendix A\" href=\"https:\/\/labjack.com\/pages\/support?doc=\/datasheets\/t-series-datasheet\/appendix-a-specifications-t-series-datasheet\/\" target=\"_blank\" rel=\"noopener noreferrer\">Appendix A-1<\/a>)<\/li>\n<li>Simultaneous, independent ADC per channel<\/li>\n<li>Software Configurable Resolution Settings<\/li>\n<li>Voltage Ranges: \u00b111V, \u00b19.7V, \u00b14.8V, \u00b12.4V,\u00b11.2V, \u00b10.6V, \u00b10.3V, \u00b10.15V,\u00b10.075V, \u00b10.036V, and \u00b10.018V (<a title=\"T-Series Datasheet Analog Input Specs\" href=\"https:\/\/labjack.com\/pages\/support?doc=\/datasheets\/t-series-datasheet\/a-3-3-t8-analog-input-t-series-datasheet\/\" target=\"_blank\" rel=\"noopener noreferrer\">Appendix A-3-3<\/a>)<\/li>\n<li>All analog input features are software programmable by configuring the\u00a0<a title=\"T-Series Datasheet Analog Inputs\" href=\"https:\/\/labjack.com\/pages\/support?doc=\/datasheets\/t-series-datasheet\/140-analog-inputs-t-series-datasheet\/\" target=\"_blank\" rel=\"noopener noreferrer\">Analog Input Registers<\/a><\/li>\n<li>High speed sampling configurable by using\u00a0<a href=\"https:\/\/labjack.com\/support\/datasheets\/t-series\/communication\/stream-mode\">Stream Mode<\/a>. Speeds up to 40kS\/s\/Ch<\/li>\n<li>Low Latency Sampling and Control (less than 1ms) is made easy with\u00a0<a title=\"T-Series Datasheet Communication Options\" href=\"https:\/\/labjack.com\/pages\/support?doc=\/datasheets\/t-series-datasheet\/30-communication-t-series-datasheet\/\" target=\"_blank\" rel=\"noopener noreferrer\">Command-Response<\/a>\u00a0Modbus messages<\/li>\n<li>Easy integration with sensors like thermocouples, load cells, bridges, and more\u00a0<a title=\"LabJack Application Notes for Sensors\" href=\"https:\/\/labjack.com\/pages\/support?doc=\/app-notes\/\" target=\"_blank\" rel=\"noopener noreferrer\">Explore LabJack&#8217;s Sensor App-Notes<\/a><\/li>\n<\/ul>\n<div>\n<h3 class=\"h4 accordion__title\">T8 Analog Outputs<\/h3>\n<\/div>\n<div tabindex=\"1\" data-content=\"\">\n<div class=\"accordion__content rte\">\n<ul>\n<li>2 analog outputs (16-bit, 0-10V)<\/li>\n<li>Waveform generation via Stream Out<\/li>\n<li>Source Impedance\/Load Current compensated up to 20mA<\/li>\n<li><strong>Vout<\/strong>\u00a0Min -0.0\u00a0<strong>Vout<\/strong>\u00a0Max 10.0<\/li>\n<\/ul>\n<p>The DACs on the T8 use additional power systems to output voltage levels above and below the supply. This allows the T8 to output approximately -0.1 to 10 V as long as the supply voltage is within the valid operating range.<\/p>\n<p>The DACs on the T8 have good load regulation. Very little voltage drop is expected up to 20mA, usually 1-2 mV.<\/p>\n<div>\n<h3 class=\"h4 accordion__title\">T8 Digital I\/O<\/h3>\n<\/div>\n<div tabindex=\"1\" data-content=\"\">\n<div class=\"accordion__content rte\">\n<ul>\n<li>20 Digital I\/O-Use our\u00a0<a href=\"https:\/\/labjack.com\/accessories\/cb15-terminal-board\">CB15 Terminal Board<\/a>\u00a0for access to all DIO<\/li>\n<li>Supports SPI, I2C, and more&#8230; (Master Only)<\/li>\n<li><strong>up to 9<\/strong>\u00a0<strong>PWM Outputs<\/strong>\u00a0with individual phase control<\/li>\n<li><strong>up to 9<\/strong>\u00a0<strong>Pulse Outputs<\/strong>\u00a0with configurable number, frequency, and width<\/li>\n<li><strong>up to 9<\/strong>\u00a0<strong>Frequency Inputs<\/strong>\u00a0returning both frequency and period<\/li>\n<li><strong>up to 9 Pulse Width Inputs<\/strong>\u00a0measuring time spent high and low as well as duty cycle<\/li>\n<li><strong>up to 3 pairs Line-to-Line Inputs<\/strong>\u00a0measuring the time between edges on 2 different lines<\/li>\n<li><strong>up to 8 High-Speed Counters<\/strong><\/li>\n<li><strong>up to 16 Software Counters<\/strong>\u00a0with debounce capabilities<\/li>\n<li><strong>up to 8 Pairs of Quadrature Inputs<\/strong><\/li>\n<\/ul>\n<p>Many of these DIO Extended Features share pins and cannot be used at the same time. See the\u00a0<a href=\"https:\/\/labjack.com\/pages\/support?doc=\/datasheets\/t-series-datasheet\/132-dio-extended-features-t-series-datasheet\/\" target=\"_blank\" rel=\"noopener noreferrer\">DIO Extended Features<\/a>\u00a0section of the T8&#8217;s datasheet<\/p>\n<\/div>\n<\/div>\n<div><\/div>\n<\/div>\n<\/div>\n<\/div>\n<\/div>\n<\/div>\n","protected":false},"excerpt":{"rendered":"<p>The LabJack T8 is the new flagship\u00a0T-Series\u00a0device adding powerful features including: 8x isolated analog inputs (AIN) with simultaneous sampling. \u00b11 kV AIN isolation channel-to-channel and channel-to-ground. Top performance for thermocouples, load cells, bridge circuits, and more. 8x 24-bit \u03a3\u0394 ADCs (up to 40k samples\/s\/ch). 10+ AIN voltage ranges: \u00b111V, to \u00b10.075V. 2 analog outputs (16-bit, [&hellip;]<\/p>\n","protected":false},"featured_media":2921,"template":"","meta":[],"product_brand":[],"product_cat":[145,147],"product_tag":[],"class_list":{"0":"post-2966","1":"product","2":"type-product","3":"status-publish","4":"has-post-thumbnail","6":"product_cat-data_acquisition_modulesdata-acquisition-modules","7":"product_cat-uncategorizeduncategorized","8":"product_shipping_class-general-en","10":"first","11":"instock","12":"taxable","13":"shipping-taxable","14":"purchasable","15":"product-type-simple","16":"add-to-wishlist-after_add_to_cart"},"yoast_head":"<!-- This site is optimized with the Yoast SEO plugin v25.6 - https:\/\/yoast.com\/wordpress\/plugins\/seo\/ -->\n<title>LabJack T8 - Suministros Dikoin<\/title>\n<meta name=\"robots\" content=\"index, follow, max-snippet:-1, max-image-preview:large, max-video-preview:-1\" \/>\n<link rel=\"canonical\" href=\"https:\/\/suministrosdikoin.com\/en\/producto\/labjack-t8\/?lang=en\" \/>\n<meta property=\"og:locale\" content=\"en_US\" \/>\n<meta property=\"og:type\" content=\"article\" \/>\n<meta property=\"og:title\" content=\"LabJack T8 - Suministros Dikoin\" \/>\n<meta property=\"og:description\" content=\"The LabJack T8 is the new flagship\u00a0T-Series\u00a0device adding powerful features including: 8x isolated analog inputs (AIN) with simultaneous sampling. \u00b11 kV AIN isolation channel-to-channel and channel-to-ground. Top performance for thermocouples, load cells, bridge circuits, and more. 8x 24-bit \u03a3\u0394 ADCs (up to 40k samples\/s\/ch). 10+ AIN voltage ranges: \u00b111V, to \u00b10.075V. 2 analog outputs (16-bit, [&hellip;]\" \/>\n<meta property=\"og:url\" content=\"https:\/\/suministrosdikoin.com\/producto\/labjack-t8\/?lang=en\" \/>\n<meta property=\"og:site_name\" content=\"Suministros Dikoin\" \/>\n<meta property=\"article:publisher\" content=\"https:\/\/www.facebook.com\/DIKOIN\/\" \/>\n<meta property=\"og:image\" content=\"https:\/\/suministrosdikoin.com\/wp-content\/uploads\/2025\/01\/labjack-t8-522942.webp\" \/>\n\t<meta property=\"og:image:width\" content=\"1200\" \/>\n\t<meta property=\"og:image:height\" content=\"900\" \/>\n\t<meta property=\"og:image:type\" content=\"image\/webp\" \/>\n<meta name=\"twitter:card\" content=\"summary_large_image\" \/>\n<meta name=\"twitter:site\" content=\"@dikoin\" \/>\n<meta name=\"twitter:label1\" content=\"Est. reading time\" \/>\n\t<meta name=\"twitter:data1\" content=\"3 minutes\" \/>\n<script type=\"application\/ld+json\" class=\"yoast-schema-graph\">{\"@context\":\"https:\/\/schema.org\",\"@graph\":[{\"@type\":\"WebPage\",\"@id\":\"https:\/\/suministrosdikoin.com\/producto\/labjack-t8\/?lang=en\",\"url\":\"https:\/\/suministrosdikoin.com\/producto\/labjack-t8\/?lang=en\",\"name\":\"LabJack T8 - Suministros Dikoin\",\"isPartOf\":{\"@id\":\"https:\/\/suministrosdikoin.com\/#website\"},\"primaryImageOfPage\":{\"@id\":\"https:\/\/suministrosdikoin.com\/producto\/labjack-t8\/?lang=en#primaryimage\"},\"image\":{\"@id\":\"https:\/\/suministrosdikoin.com\/producto\/labjack-t8\/?lang=en#primaryimage\"},\"thumbnailUrl\":\"https:\/\/suministrosdikoin.com\/wp-content\/uploads\/2025\/01\/labjack-t8-522942.webp\",\"datePublished\":\"2025-01-06T16:27:07+00:00\",\"breadcrumb\":{\"@id\":\"https:\/\/suministrosdikoin.com\/producto\/labjack-t8\/?lang=en#breadcrumb\"},\"inLanguage\":\"en-US\",\"potentialAction\":[{\"@type\":\"ReadAction\",\"target\":[\"https:\/\/suministrosdikoin.com\/producto\/labjack-t8\/?lang=en\"]}]},{\"@type\":\"ImageObject\",\"inLanguage\":\"en-US\",\"@id\":\"https:\/\/suministrosdikoin.com\/producto\/labjack-t8\/?lang=en#primaryimage\",\"url\":\"https:\/\/suministrosdikoin.com\/wp-content\/uploads\/2025\/01\/labjack-t8-522942.webp\",\"contentUrl\":\"https:\/\/suministrosdikoin.com\/wp-content\/uploads\/2025\/01\/labjack-t8-522942.webp\",\"width\":1200,\"height\":900},{\"@type\":\"BreadcrumbList\",\"@id\":\"https:\/\/suministrosdikoin.com\/producto\/labjack-t8\/?lang=en#breadcrumb\",\"itemListElement\":[{\"@type\":\"ListItem\",\"position\":1,\"name\":\"Portada\",\"item\":\"https:\/\/suministrosdikoin.com\/en\/\"},{\"@type\":\"ListItem\",\"position\":2,\"name\":\"Tienda\",\"item\":\"https:\/\/suministrosdikoin.com\/\"},{\"@type\":\"ListItem\",\"position\":3,\"name\":\"LabJack T8\"}]},{\"@type\":\"WebSite\",\"@id\":\"https:\/\/suministrosdikoin.com\/#website\",\"url\":\"https:\/\/suministrosdikoin.com\/\",\"name\":\"Suministros Dikoin\",\"description\":\"Productos de adquisici\u00f3n de datos y electr\u00f3nica para el desarrollo de equipamiento, investigaci\u00f3n, IoT e industria 4.0\",\"publisher\":{\"@id\":\"https:\/\/suministrosdikoin.com\/#organization\"},\"potentialAction\":[{\"@type\":\"SearchAction\",\"target\":{\"@type\":\"EntryPoint\",\"urlTemplate\":\"https:\/\/suministrosdikoin.com\/?s={search_term_string}\"},\"query-input\":{\"@type\":\"PropertyValueSpecification\",\"valueRequired\":true,\"valueName\":\"search_term_string\"}}],\"inLanguage\":\"en-US\"},{\"@type\":\"Organization\",\"@id\":\"https:\/\/suministrosdikoin.com\/#organization\",\"name\":\"Suministros Dikoin\",\"url\":\"https:\/\/suministrosdikoin.com\/\",\"logo\":{\"@type\":\"ImageObject\",\"inLanguage\":\"en-US\",\"@id\":\"https:\/\/suministrosdikoin.com\/#\/schema\/logo\/image\/\",\"url\":\"https:\/\/suministrosdikoin.com\/wp-content\/uploads\/2021\/10\/2021_Logo-transparente-WEB.png\",\"contentUrl\":\"https:\/\/suministrosdikoin.com\/wp-content\/uploads\/2021\/10\/2021_Logo-transparente-WEB.png\",\"width\":300,\"height\":59,\"caption\":\"Suministros Dikoin\"},\"image\":{\"@id\":\"https:\/\/suministrosdikoin.com\/#\/schema\/logo\/image\/\"},\"sameAs\":[\"https:\/\/www.facebook.com\/DIKOIN\/\",\"https:\/\/x.com\/dikoin\",\"https:\/\/www.linkedin.com\/company\/dikoin\/\",\"https:\/\/www.youtube.com\/channel\/UCkWzlRjHCz1ngvK2Csxg0jw\"]}]}<\/script>\n<!-- \/ Yoast SEO plugin. -->","yoast_head_json":{"title":"LabJack T8 - Suministros Dikoin","robots":{"index":"index","follow":"follow","max-snippet":"max-snippet:-1","max-image-preview":"max-image-preview:large","max-video-preview":"max-video-preview:-1"},"canonical":"https:\/\/suministrosdikoin.com\/en\/producto\/labjack-t8\/?lang=en","og_locale":"en_US","og_type":"article","og_title":"LabJack T8 - Suministros Dikoin","og_description":"The LabJack T8 is the new flagship\u00a0T-Series\u00a0device adding powerful features including: 8x isolated analog inputs (AIN) with simultaneous sampling. \u00b11 kV AIN isolation channel-to-channel and channel-to-ground. Top performance for thermocouples, load cells, bridge circuits, and more. 8x 24-bit \u03a3\u0394 ADCs (up to 40k samples\/s\/ch). 10+ AIN voltage ranges: \u00b111V, to \u00b10.075V. 2 analog outputs (16-bit, [&hellip;]","og_url":"https:\/\/suministrosdikoin.com\/producto\/labjack-t8\/?lang=en","og_site_name":"Suministros Dikoin","article_publisher":"https:\/\/www.facebook.com\/DIKOIN\/","og_image":[{"width":1200,"height":900,"url":"https:\/\/suministrosdikoin.com\/wp-content\/uploads\/2025\/01\/labjack-t8-522942.webp","type":"image\/webp"}],"twitter_card":"summary_large_image","twitter_site":"@dikoin","twitter_misc":{"Est. reading time":"3 minutes"},"schema":{"@context":"https:\/\/schema.org","@graph":[{"@type":"WebPage","@id":"https:\/\/suministrosdikoin.com\/producto\/labjack-t8\/?lang=en","url":"https:\/\/suministrosdikoin.com\/producto\/labjack-t8\/?lang=en","name":"LabJack T8 - Suministros Dikoin","isPartOf":{"@id":"https:\/\/suministrosdikoin.com\/#website"},"primaryImageOfPage":{"@id":"https:\/\/suministrosdikoin.com\/producto\/labjack-t8\/?lang=en#primaryimage"},"image":{"@id":"https:\/\/suministrosdikoin.com\/producto\/labjack-t8\/?lang=en#primaryimage"},"thumbnailUrl":"https:\/\/suministrosdikoin.com\/wp-content\/uploads\/2025\/01\/labjack-t8-522942.webp","datePublished":"2025-01-06T16:27:07+00:00","breadcrumb":{"@id":"https:\/\/suministrosdikoin.com\/producto\/labjack-t8\/?lang=en#breadcrumb"},"inLanguage":"en-US","potentialAction":[{"@type":"ReadAction","target":["https:\/\/suministrosdikoin.com\/producto\/labjack-t8\/?lang=en"]}]},{"@type":"ImageObject","inLanguage":"en-US","@id":"https:\/\/suministrosdikoin.com\/producto\/labjack-t8\/?lang=en#primaryimage","url":"https:\/\/suministrosdikoin.com\/wp-content\/uploads\/2025\/01\/labjack-t8-522942.webp","contentUrl":"https:\/\/suministrosdikoin.com\/wp-content\/uploads\/2025\/01\/labjack-t8-522942.webp","width":1200,"height":900},{"@type":"BreadcrumbList","@id":"https:\/\/suministrosdikoin.com\/producto\/labjack-t8\/?lang=en#breadcrumb","itemListElement":[{"@type":"ListItem","position":1,"name":"Portada","item":"https:\/\/suministrosdikoin.com\/en\/"},{"@type":"ListItem","position":2,"name":"Tienda","item":"https:\/\/suministrosdikoin.com\/"},{"@type":"ListItem","position":3,"name":"LabJack T8"}]},{"@type":"WebSite","@id":"https:\/\/suministrosdikoin.com\/#website","url":"https:\/\/suministrosdikoin.com\/","name":"Suministros Dikoin","description":"Productos de adquisici\u00f3n de datos y electr\u00f3nica para el desarrollo de equipamiento, investigaci\u00f3n, IoT e industria 4.0","publisher":{"@id":"https:\/\/suministrosdikoin.com\/#organization"},"potentialAction":[{"@type":"SearchAction","target":{"@type":"EntryPoint","urlTemplate":"https:\/\/suministrosdikoin.com\/?s={search_term_string}"},"query-input":{"@type":"PropertyValueSpecification","valueRequired":true,"valueName":"search_term_string"}}],"inLanguage":"en-US"},{"@type":"Organization","@id":"https:\/\/suministrosdikoin.com\/#organization","name":"Suministros Dikoin","url":"https:\/\/suministrosdikoin.com\/","logo":{"@type":"ImageObject","inLanguage":"en-US","@id":"https:\/\/suministrosdikoin.com\/#\/schema\/logo\/image\/","url":"https:\/\/suministrosdikoin.com\/wp-content\/uploads\/2021\/10\/2021_Logo-transparente-WEB.png","contentUrl":"https:\/\/suministrosdikoin.com\/wp-content\/uploads\/2021\/10\/2021_Logo-transparente-WEB.png","width":300,"height":59,"caption":"Suministros Dikoin"},"image":{"@id":"https:\/\/suministrosdikoin.com\/#\/schema\/logo\/image\/"},"sameAs":["https:\/\/www.facebook.com\/DIKOIN\/","https:\/\/x.com\/dikoin","https:\/\/www.linkedin.com\/company\/dikoin\/","https:\/\/www.youtube.com\/channel\/UCkWzlRjHCz1ngvK2Csxg0jw"]}]}},"_links":{"self":[{"href":"https:\/\/suministrosdikoin.com\/en\/wp-json\/wp\/v2\/product\/2966","targetHints":{"allow":["GET"]}}],"collection":[{"href":"https:\/\/suministrosdikoin.com\/en\/wp-json\/wp\/v2\/product"}],"about":[{"href":"https:\/\/suministrosdikoin.com\/en\/wp-json\/wp\/v2\/types\/product"}],"wp:featuredmedia":[{"embeddable":true,"href":"https:\/\/suministrosdikoin.com\/en\/wp-json\/wp\/v2\/media\/2921"}],"wp:attachment":[{"href":"https:\/\/suministrosdikoin.com\/en\/wp-json\/wp\/v2\/media?parent=2966"}],"wp:term":[{"taxonomy":"product_brand","embeddable":true,"href":"https:\/\/suministrosdikoin.com\/en\/wp-json\/wp\/v2\/product_brand?post=2966"},{"taxonomy":"product_cat","embeddable":true,"href":"https:\/\/suministrosdikoin.com\/en\/wp-json\/wp\/v2\/product_cat?post=2966"},{"taxonomy":"product_tag","embeddable":true,"href":"https:\/\/suministrosdikoin.com\/en\/wp-json\/wp\/v2\/product_tag?post=2966"}],"curies":[{"name":"wp","href":"https:\/\/api.w.org\/{rel}","templated":true}]}}