{"id":1600,"date":"2022-06-30T09:02:05","date_gmt":"2023-07-05T14:17:15","guid":{"rendered":"https:\/\/suministrosdikoin.com\/?post_type=product&#038;p=1600"},"modified":"2026-04-14T10:47:11","modified_gmt":"2026-04-14T09:47:11","slug":"ljtick-digitalout5v","status":"publish","type":"product","link":"https:\/\/suministrosdikoin.com\/en\/producto\/ljtick-digitalout5v\/","title":{"rendered":"LJTick-DigitalOut5V"},"content":{"rendered":"","protected":false},"excerpt":{"rendered":"<p>The LJTick-DigitalOut5V (LJT-DO5V) converts the 3.3V digital outputs of a LabJack to 5V digital outputs. This allows a LabJack device to control 5V relays or interface with 5V logic devices\/sensors. Read more about relay control and 5V signal connection in this application note.<\/p>\n<p>Output only<br \/>\nSource or sink of 50mA or more<br \/>\nUp to 800kHz<br \/>\nInterface with 5V logic circuits<\/p>\n","protected":false},"featured_media":1588,"template":"","meta":[],"product_brand":[],"product_cat":[108],"product_tag":[42],"class_list":{"0":"post-1600","1":"product","2":"type-product","3":"status-publish","4":"has-post-thumbnail","6":"product_cat-accessories","7":"product_tag-labjack-en","9":"first","10":"instock","11":"taxable","12":"shipping-taxable","13":"purchasable","14":"product-type-simple","15":"add-to-wishlist-after_add_to_cart"},"yoast_head":"<!-- This site is optimized with the Yoast SEO plugin v25.6 - https:\/\/yoast.com\/wordpress\/plugins\/seo\/ -->\n<title>LJTick-DigitalOut5V - Suministros Dikoin<\/title>\n<meta name=\"robots\" content=\"index, follow, max-snippet:-1, max-image-preview:large, max-video-preview:-1\" \/>\n<link rel=\"canonical\" href=\"https:\/\/suministrosdikoin.com\/en\/producto\/ljtick-digitalout5v\/\" \/>\n<meta property=\"og:locale\" content=\"en_US\" \/>\n<meta property=\"og:type\" content=\"article\" \/>\n<meta property=\"og:title\" content=\"LJTick-DigitalOut5V - Suministros Dikoin\" \/>\n<meta property=\"og:description\" content=\"The LJTick-DigitalOut5V (LJT-DO5V) converts the 3.3V digital outputs of a LabJack to 5V digital outputs. This allows a LabJack device to control 5V relays or interface with 5V logic devices\/sensors. Read more about relay control and 5V signal connection in this application note.  Output only Source or sink of 50mA or more Up to 800kHz Interface with 5V logic circuits\" \/>\n<meta property=\"og:url\" content=\"https:\/\/suministrosdikoin.com\/en\/producto\/ljtick-digitalout5v\/\" \/>\n<meta property=\"og:site_name\" content=\"Suministros Dikoin\" \/>\n<meta property=\"article:publisher\" content=\"https:\/\/www.facebook.com\/DIKOIN\/\" \/>\n<meta property=\"article:modified_time\" content=\"2026-04-14T09:47:11+00:00\" \/>\n<meta property=\"og:image\" content=\"https:\/\/suministrosdikoin.com\/wp-content\/uploads\/2022\/06\/LJTick-DigitalOut5V_1_white.jpg\" \/>\n\t<meta property=\"og:image:width\" content=\"900\" \/>\n\t<meta property=\"og:image:height\" content=\"676\" \/>\n\t<meta property=\"og:image:type\" content=\"image\/jpeg\" \/>\n<meta name=\"twitter:card\" content=\"summary_large_image\" \/>\n<meta name=\"twitter:site\" content=\"@dikoin\" \/>\n<meta name=\"twitter:label1\" content=\"Est. reading time\" \/>\n\t<meta name=\"twitter:data1\" content=\"1 minute\" \/>\n<script type=\"application\/ld+json\" class=\"yoast-schema-graph\">{\"@context\":\"https:\/\/schema.org\",\"@graph\":[{\"@type\":\"WebPage\",\"@id\":\"https:\/\/suministrosdikoin.com\/en\/producto\/ljtick-digitalout5v\/\",\"url\":\"https:\/\/suministrosdikoin.com\/en\/producto\/ljtick-digitalout5v\/\",\"name\":\"LJTick-DigitalOut5V - Suministros Dikoin\",\"isPartOf\":{\"@id\":\"https:\/\/suministrosdikoin.com\/#website\"},\"primaryImageOfPage\":{\"@id\":\"https:\/\/suministrosdikoin.com\/en\/producto\/ljtick-digitalout5v\/#primaryimage\"},\"image\":{\"@id\":\"https:\/\/suministrosdikoin.com\/en\/producto\/ljtick-digitalout5v\/#primaryimage\"},\"thumbnailUrl\":\"https:\/\/suministrosdikoin.com\/wp-content\/uploads\/2022\/06\/LJTick-DigitalOut5V_1_white.jpg\",\"datePublished\":\"2023-07-05T14:17:15+00:00\",\"dateModified\":\"2026-04-14T09:47:11+00:00\",\"breadcrumb\":{\"@id\":\"https:\/\/suministrosdikoin.com\/en\/producto\/ljtick-digitalout5v\/#breadcrumb\"},\"inLanguage\":\"en-US\",\"potentialAction\":[{\"@type\":\"ReadAction\",\"target\":[\"https:\/\/suministrosdikoin.com\/en\/producto\/ljtick-digitalout5v\/\"]}]},{\"@type\":\"ImageObject\",\"inLanguage\":\"en-US\",\"@id\":\"https:\/\/suministrosdikoin.com\/en\/producto\/ljtick-digitalout5v\/#primaryimage\",\"url\":\"https:\/\/suministrosdikoin.com\/wp-content\/uploads\/2022\/06\/LJTick-DigitalOut5V_1_white.jpg\",\"contentUrl\":\"https:\/\/suministrosdikoin.com\/wp-content\/uploads\/2022\/06\/LJTick-DigitalOut5V_1_white.jpg\",\"width\":900,\"height\":676},{\"@type\":\"BreadcrumbList\",\"@id\":\"https:\/\/suministrosdikoin.com\/en\/producto\/ljtick-digitalout5v\/#breadcrumb\",\"itemListElement\":[{\"@type\":\"ListItem\",\"position\":1,\"name\":\"Portada\",\"item\":\"https:\/\/suministrosdikoin.com\/en\/\"},{\"@type\":\"ListItem\",\"position\":2,\"name\":\"Tienda\",\"item\":\"https:\/\/suministrosdikoin.com\/\"},{\"@type\":\"ListItem\",\"position\":3,\"name\":\"LJTick-DigitalOut5V\"}]},{\"@type\":\"WebSite\",\"@id\":\"https:\/\/suministrosdikoin.com\/#website\",\"url\":\"https:\/\/suministrosdikoin.com\/\",\"name\":\"Suministros Dikoin\",\"description\":\"Productos de adquisici\u00f3n de datos y electr\u00f3nica para el desarrollo de equipamiento, investigaci\u00f3n, IoT e industria 4.0\",\"publisher\":{\"@id\":\"https:\/\/suministrosdikoin.com\/#organization\"},\"potentialAction\":[{\"@type\":\"SearchAction\",\"target\":{\"@type\":\"EntryPoint\",\"urlTemplate\":\"https:\/\/suministrosdikoin.com\/?s={search_term_string}\"},\"query-input\":{\"@type\":\"PropertyValueSpecification\",\"valueRequired\":true,\"valueName\":\"search_term_string\"}}],\"inLanguage\":\"en-US\"},{\"@type\":\"Organization\",\"@id\":\"https:\/\/suministrosdikoin.com\/#organization\",\"name\":\"Suministros Dikoin\",\"url\":\"https:\/\/suministrosdikoin.com\/\",\"logo\":{\"@type\":\"ImageObject\",\"inLanguage\":\"en-US\",\"@id\":\"https:\/\/suministrosdikoin.com\/#\/schema\/logo\/image\/\",\"url\":\"https:\/\/suministrosdikoin.com\/wp-content\/uploads\/2021\/10\/2021_Logo-transparente-WEB.png\",\"contentUrl\":\"https:\/\/suministrosdikoin.com\/wp-content\/uploads\/2021\/10\/2021_Logo-transparente-WEB.png\",\"width\":300,\"height\":59,\"caption\":\"Suministros Dikoin\"},\"image\":{\"@id\":\"https:\/\/suministrosdikoin.com\/#\/schema\/logo\/image\/\"},\"sameAs\":[\"https:\/\/www.facebook.com\/DIKOIN\/\",\"https:\/\/x.com\/dikoin\",\"https:\/\/www.linkedin.com\/company\/dikoin\/\",\"https:\/\/www.youtube.com\/channel\/UCkWzlRjHCz1ngvK2Csxg0jw\"]}]}<\/script>\n<!-- \/ Yoast SEO plugin. -->","yoast_head_json":{"title":"LJTick-DigitalOut5V - Suministros Dikoin","robots":{"index":"index","follow":"follow","max-snippet":"max-snippet:-1","max-image-preview":"max-image-preview:large","max-video-preview":"max-video-preview:-1"},"canonical":"https:\/\/suministrosdikoin.com\/en\/producto\/ljtick-digitalout5v\/","og_locale":"en_US","og_type":"article","og_title":"LJTick-DigitalOut5V - Suministros Dikoin","og_description":"The LJTick-DigitalOut5V (LJT-DO5V) converts the 3.3V digital outputs of a LabJack to 5V digital outputs. This allows a LabJack device to control 5V relays or interface with 5V logic devices\/sensors. Read more about relay control and 5V signal connection in this application note.  Output only Source or sink of 50mA or more Up to 800kHz Interface with 5V logic circuits","og_url":"https:\/\/suministrosdikoin.com\/en\/producto\/ljtick-digitalout5v\/","og_site_name":"Suministros Dikoin","article_publisher":"https:\/\/www.facebook.com\/DIKOIN\/","article_modified_time":"2026-04-14T09:47:11+00:00","og_image":[{"width":900,"height":676,"url":"https:\/\/suministrosdikoin.com\/wp-content\/uploads\/2022\/06\/LJTick-DigitalOut5V_1_white.jpg","type":"image\/jpeg"}],"twitter_card":"summary_large_image","twitter_site":"@dikoin","twitter_misc":{"Est. reading time":"1 minute"},"schema":{"@context":"https:\/\/schema.org","@graph":[{"@type":"WebPage","@id":"https:\/\/suministrosdikoin.com\/en\/producto\/ljtick-digitalout5v\/","url":"https:\/\/suministrosdikoin.com\/en\/producto\/ljtick-digitalout5v\/","name":"LJTick-DigitalOut5V - Suministros Dikoin","isPartOf":{"@id":"https:\/\/suministrosdikoin.com\/#website"},"primaryImageOfPage":{"@id":"https:\/\/suministrosdikoin.com\/en\/producto\/ljtick-digitalout5v\/#primaryimage"},"image":{"@id":"https:\/\/suministrosdikoin.com\/en\/producto\/ljtick-digitalout5v\/#primaryimage"},"thumbnailUrl":"https:\/\/suministrosdikoin.com\/wp-content\/uploads\/2022\/06\/LJTick-DigitalOut5V_1_white.jpg","datePublished":"2023-07-05T14:17:15+00:00","dateModified":"2026-04-14T09:47:11+00:00","breadcrumb":{"@id":"https:\/\/suministrosdikoin.com\/en\/producto\/ljtick-digitalout5v\/#breadcrumb"},"inLanguage":"en-US","potentialAction":[{"@type":"ReadAction","target":["https:\/\/suministrosdikoin.com\/en\/producto\/ljtick-digitalout5v\/"]}]},{"@type":"ImageObject","inLanguage":"en-US","@id":"https:\/\/suministrosdikoin.com\/en\/producto\/ljtick-digitalout5v\/#primaryimage","url":"https:\/\/suministrosdikoin.com\/wp-content\/uploads\/2022\/06\/LJTick-DigitalOut5V_1_white.jpg","contentUrl":"https:\/\/suministrosdikoin.com\/wp-content\/uploads\/2022\/06\/LJTick-DigitalOut5V_1_white.jpg","width":900,"height":676},{"@type":"BreadcrumbList","@id":"https:\/\/suministrosdikoin.com\/en\/producto\/ljtick-digitalout5v\/#breadcrumb","itemListElement":[{"@type":"ListItem","position":1,"name":"Portada","item":"https:\/\/suministrosdikoin.com\/en\/"},{"@type":"ListItem","position":2,"name":"Tienda","item":"https:\/\/suministrosdikoin.com\/"},{"@type":"ListItem","position":3,"name":"LJTick-DigitalOut5V"}]},{"@type":"WebSite","@id":"https:\/\/suministrosdikoin.com\/#website","url":"https:\/\/suministrosdikoin.com\/","name":"Suministros Dikoin","description":"Productos de adquisici\u00f3n de datos y electr\u00f3nica para el desarrollo de equipamiento, investigaci\u00f3n, IoT e industria 4.0","publisher":{"@id":"https:\/\/suministrosdikoin.com\/#organization"},"potentialAction":[{"@type":"SearchAction","target":{"@type":"EntryPoint","urlTemplate":"https:\/\/suministrosdikoin.com\/?s={search_term_string}"},"query-input":{"@type":"PropertyValueSpecification","valueRequired":true,"valueName":"search_term_string"}}],"inLanguage":"en-US"},{"@type":"Organization","@id":"https:\/\/suministrosdikoin.com\/#organization","name":"Suministros Dikoin","url":"https:\/\/suministrosdikoin.com\/","logo":{"@type":"ImageObject","inLanguage":"en-US","@id":"https:\/\/suministrosdikoin.com\/#\/schema\/logo\/image\/","url":"https:\/\/suministrosdikoin.com\/wp-content\/uploads\/2021\/10\/2021_Logo-transparente-WEB.png","contentUrl":"https:\/\/suministrosdikoin.com\/wp-content\/uploads\/2021\/10\/2021_Logo-transparente-WEB.png","width":300,"height":59,"caption":"Suministros Dikoin"},"image":{"@id":"https:\/\/suministrosdikoin.com\/#\/schema\/logo\/image\/"},"sameAs":["https:\/\/www.facebook.com\/DIKOIN\/","https:\/\/x.com\/dikoin","https:\/\/www.linkedin.com\/company\/dikoin\/","https:\/\/www.youtube.com\/channel\/UCkWzlRjHCz1ngvK2Csxg0jw"]}]}},"_links":{"self":[{"href":"https:\/\/suministrosdikoin.com\/en\/wp-json\/wp\/v2\/product\/1600","targetHints":{"allow":["GET"]}}],"collection":[{"href":"https:\/\/suministrosdikoin.com\/en\/wp-json\/wp\/v2\/product"}],"about":[{"href":"https:\/\/suministrosdikoin.com\/en\/wp-json\/wp\/v2\/types\/product"}],"wp:featuredmedia":[{"embeddable":true,"href":"https:\/\/suministrosdikoin.com\/en\/wp-json\/wp\/v2\/media\/1588"}],"wp:attachment":[{"href":"https:\/\/suministrosdikoin.com\/en\/wp-json\/wp\/v2\/media?parent=1600"}],"wp:term":[{"taxonomy":"product_brand","embeddable":true,"href":"https:\/\/suministrosdikoin.com\/en\/wp-json\/wp\/v2\/product_brand?post=1600"},{"taxonomy":"product_cat","embeddable":true,"href":"https:\/\/suministrosdikoin.com\/en\/wp-json\/wp\/v2\/product_cat?post=1600"},{"taxonomy":"product_tag","embeddable":true,"href":"https:\/\/suministrosdikoin.com\/en\/wp-json\/wp\/v2\/product_tag?post=1600"}],"curies":[{"name":"wp","href":"https:\/\/api.w.org\/{rel}","templated":true}]}}